{"id":286,"date":"2024-04-23T15:03:03","date_gmt":"2024-04-23T15:03:03","guid":{"rendered":"https:\/\/transportmapping.cat\/novaweb\/consultoria\/"},"modified":"2024-04-23T15:03:03","modified_gmt":"2024-04-23T15:03:03","slug":"consultoria","status":"publish","type":"page","link":"https:\/\/transportmapping.com\/en\/consultoria\/","title":{"rendered":"Consultor\u00eda"},"content":{"rendered":"<style>\/*! elementor - v3.23.0 - 15-07-2024 *\/\n.elementor-heading-title{padding:0;margin:0;line-height:1}.elementor-widget-heading .elementor-heading-title[class*=elementor-size-]>a{color:inherit;font-size:inherit;line-height:inherit}.elementor-widget-heading .elementor-heading-title.elementor-size-small{font-size:15px}.elementor-widget-heading .elementor-heading-title.elementor-size-medium{font-size:19px}.elementor-widget-heading .elementor-heading-title.elementor-size-large{font-size:29px}.elementor-widget-heading .elementor-heading-title.elementor-size-xl{font-size:39px}.elementor-widget-heading .elementor-heading-title.elementor-size-xxl{font-size:59px}<\/style>\n<h2>Servei de consultoria, elaboraci\u00f3 de pl\u00e0nols i informaci\u00f3 a l&#8217;usuari<\/h2>\n<p>Cada ciutat \u00e9s \u00fanica i aix\u00f2 fa que cada projete de mapa i senyalitzaci\u00f3 tamb\u00e9 ho sigui. Que tot el projecte sigui consistent en tots els aspectes i f\u00e0cilment editable per a futurs canvis requereix d&#8217;una \u00e0mplia visi\u00f3 del conjunt de la xarxa i d&#8217;uns coneixements importants de les eines gr\u00e0fiques disponibles.<\/p>\n<p>Per aquest motiu ofereixo un servei de consultoria, disseny de mapes de transport i altres infografies relacionades. Us acompanyar\u00e9 en tot el proc\u00e9s, des de l&#8217;estudi i diagn\u00f2stic de la situaci\u00f3 actual, passant per la confecci\u00f3 de diverses propostes de disseny de mapes i senyalitzaci\u00f3, fins el disseny de la soluci\u00f3 final i entrega del material en suport digital per a la seva posterior impressi\u00f3 i col\u00b7locaci\u00f3.<\/p>\n<p>Pots consultar els projectes m\u00e9s destacats a l&#8217;apartat del\u00a0<a href=\"https:\/\/transportmapping.cat\/portafoli\" target=\"_blank\" rel=\"noopener\">Portafoli<\/a>, i pots escriure&#8217;m a l&#8217;apartat de\u00a0<a href=\"https:\/\/transportmapping.cat\/contacte\" target=\"_blank\" rel=\"noopener\">Contacte<\/a>.<\/p>\n","protected":false},"excerpt":{"rendered":"<p>Servei de consultoria, elaboraci\u00f3 de pl\u00e0nols i informaci\u00f3 a l&#8217;usuari Cada ciutat \u00e9s \u00fanica i aix\u00f2 fa que cada projete de mapa i senyalitzaci\u00f3 tamb\u00e9 ho sigui. Que tot el projecte sigui consistent en tots els aspectes i f\u00e0cilment editable per a futurs canvis requereix d&#8217;una \u00e0mplia visi\u00f3 del conjunt de la xarxa i d&#8217;uns [&hellip;]<\/p>\n","protected":false},"author":1,"featured_media":0,"parent":0,"menu_order":0,"comment_status":"closed","ping_status":"closed","template":"","meta":{"footnotes":""},"class_list":["post-286","page","type-page","status-publish","hentry"],"_links":{"self":[{"href":"https:\/\/transportmapping.com\/en\/wp-json\/wp\/v2\/pages\/286","targetHints":{"allow":["GET"]}}],"collection":[{"href":"https:\/\/transportmapping.com\/en\/wp-json\/wp\/v2\/pages"}],"about":[{"href":"https:\/\/transportmapping.com\/en\/wp-json\/wp\/v2\/types\/page"}],"author":[{"embeddable":true,"href":"https:\/\/transportmapping.com\/en\/wp-json\/wp\/v2\/users\/1"}],"replies":[{"embeddable":true,"href":"https:\/\/transportmapping.com\/en\/wp-json\/wp\/v2\/comments?post=286"}],"version-history":[{"count":0,"href":"https:\/\/transportmapping.com\/en\/wp-json\/wp\/v2\/pages\/286\/revisions"}],"wp:attachment":[{"href":"https:\/\/transportmapping.com\/en\/wp-json\/wp\/v2\/media?parent=286"}],"curies":[{"name":"wp","href":"https:\/\/api.w.org\/{rel}","templated":true}]}}