{"id":290,"date":"2024-04-23T15:01:45","date_gmt":"2024-04-23T15:01:45","guid":{"rendered":"https:\/\/transportmapping.cat\/novaweb\/mapes\/"},"modified":"2024-04-23T15:01:45","modified_gmt":"2024-04-23T15:01:45","slug":"mapes","status":"publish","type":"page","link":"https:\/\/transportmapping.com\/en\/mapes\/","title":{"rendered":"Mapes"},"content":{"rendered":"<style>\/*! elementor - v3.23.0 - 15-07-2024 *\/\n.elementor-heading-title{padding:0;margin:0;line-height:1}.elementor-widget-heading .elementor-heading-title[class*=elementor-size-]>a{color:inherit;font-size:inherit;line-height:inherit}.elementor-widget-heading .elementor-heading-title.elementor-size-small{font-size:15px}.elementor-widget-heading .elementor-heading-title.elementor-size-medium{font-size:19px}.elementor-widget-heading .elementor-heading-title.elementor-size-large{font-size:29px}.elementor-widget-heading .elementor-heading-title.elementor-size-xl{font-size:39px}.elementor-widget-heading .elementor-heading-title.elementor-size-xxl{font-size:59px}<\/style>\n<h2>Contingut dels mapes<br \/>\n<\/h2>\n<p>Els mapes de transport p\u00fablic poden ser de diferents formats (de butxaca, desplegables, p\u00f2ster, etc.) i representar la ciutat de forma geogr\u00e0fica (com sol passar al sud d&#8217;Europa), de forma esquem\u00e0tica (com solen fer als pa\u00efsos n\u00f2rdics) o de forma h\u00edbrida. Fins i tot poden ser decoratius. Per\u00f2 el m\u00e9s important \u00e9s que facin la seva tasca a la perfecci\u00f3. I si s\u00f3n visualment agradables, molt millor! Com a norma general han de tenir els seg\u00fcents punts en com\u00fa:<\/p>\n<ul>\n<li>Permeten identificar l&#8217;estructura general de la xarxa en un cop d&#8217;ull<\/li>\n<li>Tenen detalls visibles en una segona ullada per\u00f2 que no molesten a la primera<\/li>\n<li>Les l\u00ednies es poden seguir de forma individual<\/li>\n<li>Indiquen la freq\u00fc\u00e8ncia de pas de les l\u00ednies de forma gr\u00e0fica<\/li>\n<li>Eviten al m\u00e0xim els textos explicatius ja que ho mostren gr\u00e0ficament<\/li>\n<li>Mostren totes les parades i no nom\u00e9s les m\u00e9s importants.<\/li>\n<li>Distingeixen gr\u00e0ficament les parades que serveixen en un sol sentit o en tots dos<\/li>\n<li>Posseeixen consist\u00e8ncia gr\u00e0fica en la col\u00b7locaci\u00f3 de la rotulaci\u00f3<\/li>\n<\/ul>\n<p>Si formes part d&#8217;alguna entitat o empresa de transport de passatgers i vols un pl\u00e0nol que compleixi totes aquestes caracter\u00edstiques, recorda que ofereixo un servei de\u00a0<a href=\"https:\/\/transportmapping.cat\/consultoria\" target=\"_blank\" rel=\"noopener\">consultoria<\/a>\u00a0en qu\u00e8 puc donar un cop de m\u00e0 en l&#8217;elaboraci\u00f3 d&#8217;un pl\u00e0nol de la xarxa i tamb\u00e9 en la informaci\u00f3 a l&#8217;usuari. Troba&#8217;m a l&#8217;apartat\u00a0<a href=\"https:\/\/transportmapping.cat\/contacte\" target=\"_blank\" rel=\"noopener\">Contacte<\/a>.<\/p>\n","protected":false},"excerpt":{"rendered":"<p>Contingut dels mapes Els mapes de transport p\u00fablic poden ser de diferents formats (de butxaca, desplegables, p\u00f2ster, etc.) i representar la ciutat de forma geogr\u00e0fica (com sol passar al sud d&#8217;Europa), de forma esquem\u00e0tica (com solen fer als pa\u00efsos n\u00f2rdics) o de forma h\u00edbrida. Fins i tot poden ser decoratius. Per\u00f2 el m\u00e9s important \u00e9s [&hellip;]<\/p>\n","protected":false},"author":1,"featured_media":0,"parent":0,"menu_order":0,"comment_status":"closed","ping_status":"closed","template":"","meta":{"footnotes":""},"class_list":["post-290","page","type-page","status-publish","hentry"],"_links":{"self":[{"href":"https:\/\/transportmapping.com\/en\/wp-json\/wp\/v2\/pages\/290","targetHints":{"allow":["GET"]}}],"collection":[{"href":"https:\/\/transportmapping.com\/en\/wp-json\/wp\/v2\/pages"}],"about":[{"href":"https:\/\/transportmapping.com\/en\/wp-json\/wp\/v2\/types\/page"}],"author":[{"embeddable":true,"href":"https:\/\/transportmapping.com\/en\/wp-json\/wp\/v2\/users\/1"}],"replies":[{"embeddable":true,"href":"https:\/\/transportmapping.com\/en\/wp-json\/wp\/v2\/comments?post=290"}],"version-history":[{"count":0,"href":"https:\/\/transportmapping.com\/en\/wp-json\/wp\/v2\/pages\/290\/revisions"}],"wp:attachment":[{"href":"https:\/\/transportmapping.com\/en\/wp-json\/wp\/v2\/media?parent=290"}],"curies":[{"name":"wp","href":"https:\/\/api.w.org\/{rel}","templated":true}]}}