{"id":302,"date":"2024-04-23T15:09:15","date_gmt":"2024-04-23T15:09:15","guid":{"rendered":"https:\/\/transportmapping.cat\/novaweb\/home\/"},"modified":"2025-09-03T10:17:24","modified_gmt":"2025-09-03T10:17:24","slug":"inici","status":"publish","type":"page","link":"https:\/\/transportmapping.com\/en\/","title":{"rendered":"Inici"},"content":{"rendered":"\t\t<div data-elementor-type=\"wp-page\" data-elementor-id=\"302\" class=\"elementor elementor-302 elementor-23\" data-elementor-post-type=\"page\">\n\t\t\t\t<div class=\"elementor-element elementor-element-41bc7bd e-flex e-con-boxed e-con e-parent\" data-id=\"41bc7bd\" data-element_type=\"container\" data-e-type=\"container\">\n\t\t\t\t\t<div class=\"e-con-inner\">\n\t\t<div class=\"elementor-element elementor-element-3288149 e-con-full e-flex e-con e-child\" data-id=\"3288149\" data-element_type=\"container\" data-e-type=\"container\">\n\t\t<div class=\"elementor-element elementor-element-f311a54 e-con-full e-flex e-con e-child\" data-id=\"f311a54\" data-element_type=\"container\" data-e-type=\"container\" data-settings=\"{&quot;background_background&quot;:&quot;classic&quot;}\">\n\t\t\t\t<\/div>\n\t\t<div class=\"elementor-element elementor-element-3823440 e-con-full bloc-home-titolweb e-flex e-con e-child\" data-id=\"3823440\" data-element_type=\"container\" data-e-type=\"container\" id=\"bloc-home-titolweb\" data-settings=\"{&quot;background_background&quot;:&quot;classic&quot;,&quot;sticky&quot;:&quot;top&quot;,&quot;sticky_on&quot;:[&quot;desktop&quot;,&quot;tablet&quot;,&quot;mobile&quot;],&quot;sticky_offset&quot;:0,&quot;sticky_effects_offset&quot;:0,&quot;sticky_anchor_link_offset&quot;:0}\">\n\t\t<div class=\"elementor-element elementor-element-265a566 e-con-full e-flex e-con e-child\" data-id=\"265a566\" data-element_type=\"container\" data-e-type=\"container\" data-settings=\"{&quot;background_background&quot;:&quot;classic&quot;}\">\n\t\t\t\t<div class=\"elementor-element elementor-element-c49e11e elementor-widget elementor-widget-heading\" data-id=\"c49e11e\" data-element_type=\"widget\" data-e-type=\"widget\" data-widget_type=\"heading.default\">\n\t\t\t\t<div class=\"elementor-widget-container\">\n\t\t\t\t\t<h2 class=\"elementor-heading-title elementor-size-default\">Transport Mapping<\/h2>\t\t\t\t<\/div>\n\t\t\t\t<\/div>\n\t\t\t\t<\/div>\n\t\t<div class=\"elementor-element elementor-element-a6c9702 e-con-full e-flex e-con e-child\" data-id=\"a6c9702\" data-element_type=\"container\" data-e-type=\"container\" data-settings=\"{&quot;background_background&quot;:&quot;classic&quot;}\">\n\t\t\t\t<div class=\"elementor-element elementor-element-9c4d0a9 elementor-widget elementor-widget-heading\" data-id=\"9c4d0a9\" data-element_type=\"widget\" data-e-type=\"widget\" data-widget_type=\"heading.default\">\n\t\t\t\t<div class=\"elementor-widget-container\">\n\t\t\t\t\t<h2 class=\"elementor-heading-title elementor-size-default\">Disseny de mapes de transport p\u00fablic\n<\/h2>\t\t\t\t<\/div>\n\t\t\t\t<\/div>\n\t\t\t\t<\/div>\n\t\t\t\t<\/div>\n\t\t<div class=\"elementor-element elementor-element-bebceb4 e-con-full e-flex e-con e-child\" data-id=\"bebceb4\" data-element_type=\"container\" data-e-type=\"container\" data-settings=\"{&quot;background_background&quot;:&quot;classic&quot;}\">\n\t\t\t\t<\/div>\n\t\t\t\t<\/div>\n\t\t<div class=\"elementor-element elementor-element-1c67934 e-con-full e-flex e-con e-child\" data-id=\"1c67934\" data-element_type=\"container\" data-e-type=\"container\" data-settings=\"{&quot;background_background&quot;:&quot;classic&quot;}\">\n\t\t\t\t<\/div>\n\t\t\t\t\t<\/div>\n\t\t\t\t<\/div>\n\t\t<div class=\"elementor-element elementor-element-b0a1d67 e-flex e-con-boxed e-con e-parent\" data-id=\"b0a1d67\" data-element_type=\"container\" data-e-type=\"container\">\n\t\t\t\t\t<div class=\"e-con-inner\">\n\t\t<div class=\"elementor-element elementor-element-4dd8d24 e-con-full e-flex e-con e-child\" data-id=\"4dd8d24\" data-element_type=\"container\" data-e-type=\"container\" data-settings=\"{&quot;background_background&quot;:&quot;classic&quot;}\">\n\t\t\t\t<div class=\"elementor-element elementor-element-a5d2a45 elementor-widget elementor-widget-heading\" data-id=\"a5d2a45\" data-element_type=\"widget\" data-e-type=\"widget\" data-widget_type=\"heading.default\">\n\t\t\t\t<div class=\"elementor-widget-container\">\n\t\t\t\t\t<h2 class=\"elementor-heading-title elementor-size-default\">Clients\n<\/h2>\t\t\t\t<\/div>\n\t\t\t\t<\/div>\n\t\t<div class=\"elementor-element elementor-element-808b74d e-con-full e-flex e-con e-child\" data-id=\"808b74d\" data-element_type=\"container\" data-e-type=\"container\">\n\t\t<div class=\"elementor-element elementor-element-0b8187d e-con-full e-flex e-con e-child\" data-id=\"0b8187d\" data-element_type=\"container\" data-e-type=\"container\">\n\t\t\t\t<div class=\"elementor-element elementor-element-1669272 elementor-widget elementor-widget-image\" data-id=\"1669272\" data-element_type=\"widget\" data-e-type=\"widget\" data-widget_type=\"image.default\">\n\t\t\t\t<div class=\"elementor-widget-container\">\n\t\t\t\t\t\t\t\t\t\t\t\t\t\t\t<img fetchpriority=\"high\" decoding=\"async\" width=\"401\" height=\"256\" src=\"https:\/\/transportmapping.com\/wp-content\/uploads\/2024\/07\/Logo_EMT_Palma_2019.png\" class=\"elementor-animation-grow attachment-large size-large wp-image-239\" alt=\"\" srcset=\"https:\/\/transportmapping.com\/wp-content\/uploads\/2024\/07\/Logo_EMT_Palma_2019.png 401w, https:\/\/transportmapping.com\/wp-content\/uploads\/2024\/07\/Logo_EMT_Palma_2019-300x192.png 300w\" sizes=\"(max-width: 401px) 100vw, 401px\" \/>\t\t\t\t\t\t\t\t\t\t\t\t\t\t\t<\/div>\n\t\t\t\t<\/div>\n\t\t\t\t<\/div>\n\t\t<div class=\"elementor-element elementor-element-20d4346 e-con-full e-flex e-con e-child\" data-id=\"20d4346\" data-element_type=\"container\" data-e-type=\"container\">\n\t\t\t\t<div class=\"elementor-element elementor-element-47b4f3a elementor-widget elementor-widget-image\" data-id=\"47b4f3a\" data-element_type=\"widget\" data-e-type=\"widget\" data-widget_type=\"image.default\">\n\t\t\t\t<div class=\"elementor-widget-container\">\n\t\t\t\t\t\t\t\t\t\t\t\t\t\t\t<img decoding=\"async\" width=\"405\" height=\"86\" src=\"https:\/\/transportmapping.com\/wp-content\/uploads\/2024\/07\/logo-ccosona.png\" class=\"elementor-animation-grow attachment-large size-large wp-image-235\" alt=\"\" srcset=\"https:\/\/transportmapping.com\/wp-content\/uploads\/2024\/07\/logo-ccosona.png 405w, https:\/\/transportmapping.com\/wp-content\/uploads\/2024\/07\/logo-ccosona-300x64.png 300w\" sizes=\"(max-width: 405px) 100vw, 405px\" \/>\t\t\t\t\t\t\t\t\t\t\t\t\t\t\t<\/div>\n\t\t\t\t<\/div>\n\t\t\t\t<\/div>\n\t\t<div class=\"elementor-element elementor-element-550fc83 e-con-full e-flex e-con e-child\" data-id=\"550fc83\" data-element_type=\"container\" data-e-type=\"container\">\n\t\t\t\t<div class=\"elementor-element elementor-element-d8d11f8 elementor-widget elementor-widget-image\" data-id=\"d8d11f8\" data-element_type=\"widget\" data-e-type=\"widget\" data-widget_type=\"image.default\">\n\t\t\t\t<div class=\"elementor-widget-container\">\n\t\t\t\t\t\t\t\t\t\t\t\t\t\t\t<img decoding=\"async\" width=\"188\" height=\"115\" src=\"https:\/\/transportmapping.com\/wp-content\/uploads\/2024\/07\/logo-tandem.png\" class=\"elementor-animation-grow attachment-large size-large wp-image-233\" alt=\"\" \/>\t\t\t\t\t\t\t\t\t\t\t\t\t\t\t<\/div>\n\t\t\t\t<\/div>\n\t\t\t\t<\/div>\n\t\t\t\t<\/div>\n\t\t<div class=\"elementor-element elementor-element-aaa6885 e-con-full e-flex e-con e-child\" data-id=\"aaa6885\" data-element_type=\"container\" data-e-type=\"container\">\n\t\t<div class=\"elementor-element elementor-element-1f1010f e-con-full e-flex e-con e-child\" data-id=\"1f1010f\" data-element_type=\"container\" data-e-type=\"container\">\n\t\t\t\t<div class=\"elementor-element elementor-element-7cf020f elementor-widget elementor-widget-image\" data-id=\"7cf020f\" data-element_type=\"widget\" data-e-type=\"widget\" data-widget_type=\"image.default\">\n\t\t\t\t<div class=\"elementor-widget-container\">\n\t\t\t\t\t\t\t\t\t\t\t\t\t\t\t<img loading=\"lazy\" decoding=\"async\" width=\"269\" height=\"71\" src=\"https:\/\/transportmapping.com\/wp-content\/uploads\/2024\/07\/logo-aim.png\" class=\"elementor-animation-grow attachment-large size-large wp-image-231\" alt=\"\" \/>\t\t\t\t\t\t\t\t\t\t\t\t\t\t\t<\/div>\n\t\t\t\t<\/div>\n\t\t\t\t<\/div>\n\t\t<div class=\"elementor-element elementor-element-7e3de84 e-con-full e-flex e-con e-child\" data-id=\"7e3de84\" data-element_type=\"container\" data-e-type=\"container\">\n\t\t\t\t<div class=\"elementor-element elementor-element-2868444 elementor-widget elementor-widget-image\" data-id=\"2868444\" data-element_type=\"widget\" data-e-type=\"widget\" data-widget_type=\"image.default\">\n\t\t\t\t<div class=\"elementor-widget-container\">\n\t\t\t\t\t\t\t\t\t\t\t\t\t\t\t<img loading=\"lazy\" decoding=\"async\" width=\"589\" height=\"149\" src=\"https:\/\/transportmapping.com\/wp-content\/uploads\/2024\/07\/logo-cinesi.png\" class=\"elementor-animation-grow attachment-large size-large wp-image-229\" alt=\"\" srcset=\"https:\/\/transportmapping.com\/wp-content\/uploads\/2024\/07\/logo-cinesi.png 589w, https:\/\/transportmapping.com\/wp-content\/uploads\/2024\/07\/logo-cinesi-300x76.png 300w\" sizes=\"(max-width: 589px) 100vw, 589px\" \/>\t\t\t\t\t\t\t\t\t\t\t\t\t\t\t<\/div>\n\t\t\t\t<\/div>\n\t\t\t\t<\/div>\n\t\t<div class=\"elementor-element elementor-element-35db5ad e-con-full e-flex e-con e-child\" data-id=\"35db5ad\" data-element_type=\"container\" data-e-type=\"container\">\n\t\t\t\t<div class=\"elementor-element elementor-element-13847c8 elementor-widget elementor-widget-image\" data-id=\"13847c8\" data-element_type=\"widget\" data-e-type=\"widget\" data-widget_type=\"image.default\">\n\t\t\t\t<div class=\"elementor-widget-container\">\n\t\t\t\t\t\t\t\t\t\t\t\t\t\t\t<img loading=\"lazy\" decoding=\"async\" width=\"400\" height=\"44\" src=\"https:\/\/transportmapping.com\/wp-content\/uploads\/2024\/07\/logo-teisa.png\" class=\"elementor-animation-grow attachment-large size-large wp-image-227\" alt=\"\" srcset=\"https:\/\/transportmapping.com\/wp-content\/uploads\/2024\/07\/logo-teisa.png 400w, https:\/\/transportmapping.com\/wp-content\/uploads\/2024\/07\/logo-teisa-300x33.png 300w\" sizes=\"(max-width: 400px) 100vw, 400px\" \/>\t\t\t\t\t\t\t\t\t\t\t\t\t\t\t<\/div>\n\t\t\t\t<\/div>\n\t\t\t\t<\/div>\n\t\t\t\t<\/div>\n\t\t<div class=\"elementor-element elementor-element-c184d0f e-con-full e-flex e-con e-child\" data-id=\"c184d0f\" data-element_type=\"container\" data-e-type=\"container\">\n\t\t<div class=\"elementor-element elementor-element-1280c93 e-con-full e-flex e-con e-child\" data-id=\"1280c93\" data-element_type=\"container\" data-e-type=\"container\">\n\t\t\t\t<div class=\"elementor-element elementor-element-4631452 elementor-widget elementor-widget-image\" data-id=\"4631452\" data-element_type=\"widget\" data-e-type=\"widget\" data-widget_type=\"image.default\">\n\t\t\t\t<div class=\"elementor-widget-container\">\n\t\t\t\t\t\t\t\t\t\t\t\t\t\t\t<img loading=\"lazy\" decoding=\"async\" width=\"923\" height=\"314\" src=\"https:\/\/transportmapping.com\/wp-content\/uploads\/2025\/01\/logo_mira_requadre-1.png\" class=\"elementor-animation-grow attachment-full size-full wp-image-501\" alt=\"\" srcset=\"https:\/\/transportmapping.com\/wp-content\/uploads\/2025\/01\/logo_mira_requadre-1.png 923w, https:\/\/transportmapping.com\/wp-content\/uploads\/2025\/01\/logo_mira_requadre-1-300x102.png 300w, https:\/\/transportmapping.com\/wp-content\/uploads\/2025\/01\/logo_mira_requadre-1-768x261.png 768w, https:\/\/transportmapping.com\/wp-content\/uploads\/2025\/01\/logo_mira_requadre-1-600x204.png 600w\" sizes=\"(max-width: 923px) 100vw, 923px\" \/>\t\t\t\t\t\t\t\t\t\t\t\t\t\t\t<\/div>\n\t\t\t\t<\/div>\n\t\t\t\t<\/div>\n\t\t\t\t<\/div>\n\t\t\t\t<\/div>\n\t\t<div class=\"elementor-element elementor-element-e95525b e-con-full e-flex e-con e-child\" data-id=\"e95525b\" data-element_type=\"container\" data-e-type=\"container\" data-settings=\"{&quot;background_background&quot;:&quot;classic&quot;}\">\n\t\t\t\t<div class=\"elementor-element elementor-element-0f439be elementor-widget elementor-widget-text-editor\" data-id=\"0f439be\" data-element_type=\"widget\" data-e-type=\"widget\" data-widget_type=\"text-editor.default\">\n\t\t\t\t<div class=\"elementor-widget-container\">\n\t\t\t\t\t\t\t\t\t<p>\u00a9 2025 Kevin Arguz\u00f3n<br \/><a style=\"color: white; text-decoration: none;\" href=\"https:\/\/transportmapping.cat\/avis-legal\/\" target=\"_blank\" rel=\"noopener\"><u>Av\u00eds legal i pol\u00edtica de cookies<\/u><\/a><\/p>\t\t\t\t\t\t\t\t<\/div>\n\t\t\t\t<\/div>\n\t\t\t\t<\/div>\n\t\t\t\t\t<\/div>\n\t\t\t\t<\/div>\n\t\t<div class=\"elementor-element elementor-element-2c54c2e e-flex e-con-boxed e-con e-parent\" data-id=\"2c54c2e\" data-element_type=\"container\" data-e-type=\"container\">\n\t\t\t\t\t<div class=\"e-con-inner\">\n\t\t\t\t<div class=\"elementor-element elementor-element-964e044 elementor-widget elementor-widget-image\" data-id=\"964e044\" data-element_type=\"widget\" data-e-type=\"widget\" data-widget_type=\"image.default\">\n\t\t\t\t<div class=\"elementor-widget-container\">\n\t\t\t\t\t\t\t\t\t\t\t\t\t\t\t<img loading=\"lazy\" decoding=\"async\" width=\"800\" height=\"93\" src=\"https:\/\/transportmapping.com\/wp-content\/uploads\/2024\/07\/Logo-digitalizadores-7-1024x119.png\" class=\"attachment-large size-large wp-image-261\" alt=\"\" srcset=\"https:\/\/transportmapping.com\/wp-content\/uploads\/2024\/07\/Logo-digitalizadores-7-1024x119.png 1024w, https:\/\/transportmapping.com\/wp-content\/uploads\/2024\/07\/Logo-digitalizadores-7-300x35.png 300w, https:\/\/transportmapping.com\/wp-content\/uploads\/2024\/07\/Logo-digitalizadores-7-768x89.png 768w, https:\/\/transportmapping.com\/wp-content\/uploads\/2024\/07\/Logo-digitalizadores-7-1536x178.png 1536w, https:\/\/transportmapping.com\/wp-content\/uploads\/2024\/07\/Logo-digitalizadores-7-2048x238.png 2048w\" sizes=\"(max-width: 800px) 100vw, 800px\" \/>\t\t\t\t\t\t\t\t\t\t\t\t\t\t\t<\/div>\n\t\t\t\t<\/div>\n\t\t\t\t\t<\/div>\n\t\t\t\t<\/div>\n\t\t\t\t<\/div>\n\t\t","protected":false},"excerpt":{"rendered":"<p>Transport Mapping Disseny de mapes de transport p\u00fablic Clients \u00a9 2025 Kevin Arguz\u00f3nAv\u00eds legal i pol\u00edtica de cookies<\/p>\n","protected":false},"author":1,"featured_media":0,"parent":0,"menu_order":0,"comment_status":"closed","ping_status":"closed","template":"","meta":{"footnotes":""},"class_list":["post-302","page","type-page","status-publish","hentry"],"_links":{"self":[{"href":"https:\/\/transportmapping.com\/en\/wp-json\/wp\/v2\/pages\/302","targetHints":{"allow":["GET"]}}],"collection":[{"href":"https:\/\/transportmapping.com\/en\/wp-json\/wp\/v2\/pages"}],"about":[{"href":"https:\/\/transportmapping.com\/en\/wp-json\/wp\/v2\/types\/page"}],"author":[{"embeddable":true,"href":"https:\/\/transportmapping.com\/en\/wp-json\/wp\/v2\/users\/1"}],"replies":[{"embeddable":true,"href":"https:\/\/transportmapping.com\/en\/wp-json\/wp\/v2\/comments?post=302"}],"version-history":[{"count":9,"href":"https:\/\/transportmapping.com\/en\/wp-json\/wp\/v2\/pages\/302\/revisions"}],"predecessor-version":[{"id":534,"href":"https:\/\/transportmapping.com\/en\/wp-json\/wp\/v2\/pages\/302\/revisions\/534"}],"wp:attachment":[{"href":"https:\/\/transportmapping.com\/en\/wp-json\/wp\/v2\/media?parent=302"}],"curies":[{"name":"wp","href":"https:\/\/api.w.org\/{rel}","templated":true}]}}