{"id":279,"date":"2024-04-23T15:09:15","date_gmt":"2024-04-23T15:09:15","guid":{"rendered":"https:\/\/transportmapping.cat\/novaweb\/inici\/"},"modified":"2024-04-23T15:09:15","modified_gmt":"2024-04-23T15:09:15","slug":"inici","status":"publish","type":"page","link":"https:\/\/transportmapping.com\/es\/inici\/","title":{"rendered":"Inici"},"content":{"rendered":"<style>\/*! elementor - v3.23.0 - 15-07-2024 *\/\n.elementor-heading-title{padding:0;margin:0;line-height:1}.elementor-widget-heading .elementor-heading-title[class*=elementor-size-]>a{color:inherit;font-size:inherit;line-height:inherit}.elementor-widget-heading .elementor-heading-title.elementor-size-small{font-size:15px}.elementor-widget-heading .elementor-heading-title.elementor-size-medium{font-size:19px}.elementor-widget-heading .elementor-heading-title.elementor-size-large{font-size:29px}.elementor-widget-heading .elementor-heading-title.elementor-size-xl{font-size:39px}.elementor-widget-heading .elementor-heading-title.elementor-size-xxl{font-size:59px}<\/style>\n<h2>Transport Mapping<\/h2>\n<h2>Disseny de mapes de transport p\u00fablic<br \/>\n<\/h2>\n<h2>Clients<br \/>\n<\/h2>\n<style>\/*! elementor - v3.23.0 - 15-07-2024 *\/\n.elementor-widget-image{text-align:center}.elementor-widget-image a{display:inline-block}.elementor-widget-image a img[src$=\".svg\"]{width:48px}.elementor-widget-image img{vertical-align:middle;display:inline-block}<\/style>\n<p>\t\t\t\t\t\t\t\t\t\t<img fetchpriority=\"high\" decoding=\"async\" width=\"401\" height=\"256\" src=\"https:\/\/transportmapping.com\/wp-content\/uploads\/2024\/07\/Logo_EMT_Palma_2019.png\" alt=\"\" srcset=\"https:\/\/transportmapping.com\/wp-content\/uploads\/2024\/07\/Logo_EMT_Palma_2019.png 401w, https:\/\/transportmapping.com\/wp-content\/uploads\/2024\/07\/Logo_EMT_Palma_2019-300x192.png 300w\" sizes=\"(max-width: 401px) 100vw, 401px\" \/><br \/>\n\t\t\t\t\t\t\t\t\t\t\t\t\t<img decoding=\"async\" width=\"405\" height=\"86\" src=\"https:\/\/transportmapping.com\/wp-content\/uploads\/2024\/07\/logo-ccosona.png\" alt=\"\" srcset=\"https:\/\/transportmapping.com\/wp-content\/uploads\/2024\/07\/logo-ccosona.png 405w, https:\/\/transportmapping.com\/wp-content\/uploads\/2024\/07\/logo-ccosona-300x64.png 300w\" sizes=\"(max-width: 405px) 100vw, 405px\" \/><br \/>\n\t\t\t\t\t\t\t\t\t\t\t\t\t<img decoding=\"async\" width=\"188\" height=\"115\" src=\"https:\/\/transportmapping.com\/wp-content\/uploads\/2024\/07\/logo-tandem.png\" alt=\"\" \/><br \/>\n\t\t\t\t\t\t\t\t\t\t\t\t\t<img loading=\"lazy\" decoding=\"async\" width=\"269\" height=\"71\" src=\"https:\/\/transportmapping.com\/wp-content\/uploads\/2024\/07\/logo-aim.png\" alt=\"\" \/><br \/>\n\t\t\t\t\t\t\t\t\t\t\t\t\t<img loading=\"lazy\" decoding=\"async\" width=\"589\" height=\"149\" src=\"https:\/\/transportmapping.com\/wp-content\/uploads\/2024\/07\/logo-cinesi.png\" alt=\"\" srcset=\"https:\/\/transportmapping.com\/wp-content\/uploads\/2024\/07\/logo-cinesi.png 589w, https:\/\/transportmapping.com\/wp-content\/uploads\/2024\/07\/logo-cinesi-300x76.png 300w\" sizes=\"(max-width: 589px) 100vw, 589px\" \/><br \/>\n\t\t\t\t\t\t\t\t\t\t\t\t\t<img loading=\"lazy\" decoding=\"async\" width=\"400\" height=\"44\" src=\"https:\/\/transportmapping.com\/wp-content\/uploads\/2024\/07\/logo-teisa.png\" alt=\"\" srcset=\"https:\/\/transportmapping.com\/wp-content\/uploads\/2024\/07\/logo-teisa.png 400w, https:\/\/transportmapping.com\/wp-content\/uploads\/2024\/07\/logo-teisa-300x33.png 300w\" sizes=\"(max-width: 400px) 100vw, 400px\" \/>\t\t\t\t\t\t\t\t\t\t\t\t\t<\/p>\n<p>\u00a9 2023 Kevin Arguz\u00f3n<br \/><a style=\"color: white; text-decoration: none;\" href=\"https:\/\/transportmapping.cat\/avis-legal\/\" target=\"_blank\" rel=\"noopener\"><u>Av\u00eds legal i pol\u00edtica de cookies<\/a><\/u><\/p>\n<p>\t\t\t\t\t\t\t\t\t\t\t\t\t<img loading=\"lazy\" decoding=\"async\" width=\"800\" height=\"93\" src=\"https:\/\/transportmapping.com\/wp-content\/uploads\/2024\/07\/Logo-digitalizadores-7-1024x119.png\" alt=\"\" srcset=\"https:\/\/transportmapping.com\/wp-content\/uploads\/2024\/07\/Logo-digitalizadores-7-1024x119.png 1024w, https:\/\/transportmapping.com\/wp-content\/uploads\/2024\/07\/Logo-digitalizadores-7-300x35.png 300w, https:\/\/transportmapping.com\/wp-content\/uploads\/2024\/07\/Logo-digitalizadores-7-768x89.png 768w, https:\/\/transportmapping.com\/wp-content\/uploads\/2024\/07\/Logo-digitalizadores-7-1536x178.png 1536w, https:\/\/transportmapping.com\/wp-content\/uploads\/2024\/07\/Logo-digitalizadores-7-2048x238.png 2048w\" sizes=\"(max-width: 800px) 100vw, 800px\" \/><\/p>\n","protected":false},"excerpt":{"rendered":"<p>Transport Mapping Disseny de mapes de transport p\u00fablic Clients \u00a9 2023 Kevin Arguz\u00f3nAv\u00eds legal i pol\u00edtica de cookies<\/p>\n","protected":false},"author":1,"featured_media":0,"parent":0,"menu_order":0,"comment_status":"closed","ping_status":"closed","template":"","meta":{"footnotes":""},"class_list":["post-279","page","type-page","status-publish","hentry"],"_links":{"self":[{"href":"https:\/\/transportmapping.com\/es\/wp-json\/wp\/v2\/pages\/279","targetHints":{"allow":["GET"]}}],"collection":[{"href":"https:\/\/transportmapping.com\/es\/wp-json\/wp\/v2\/pages"}],"about":[{"href":"https:\/\/transportmapping.com\/es\/wp-json\/wp\/v2\/types\/page"}],"author":[{"embeddable":true,"href":"https:\/\/transportmapping.com\/es\/wp-json\/wp\/v2\/users\/1"}],"replies":[{"embeddable":true,"href":"https:\/\/transportmapping.com\/es\/wp-json\/wp\/v2\/comments?post=279"}],"version-history":[{"count":0,"href":"https:\/\/transportmapping.com\/es\/wp-json\/wp\/v2\/pages\/279\/revisions"}],"wp:attachment":[{"href":"https:\/\/transportmapping.com\/es\/wp-json\/wp\/v2\/media?parent=279"}],"curies":[{"name":"wp","href":"https:\/\/api.w.org\/{rel}","templated":true}]}}