{"id":281,"date":"2024-04-23T15:04:55","date_gmt":"2024-04-23T15:04:55","guid":{"rendered":"https:\/\/transportmapping.cat\/novaweb\/contacte\/"},"modified":"2024-04-23T15:04:55","modified_gmt":"2024-04-23T15:04:55","slug":"contacte","status":"publish","type":"page","link":"https:\/\/transportmapping.com\/es\/contacte\/","title":{"rendered":"Contacte"},"content":{"rendered":"<style>\/*! elementor - v3.23.0 - 15-07-2024 *\/\n.elementor-heading-title{padding:0;margin:0;line-height:1}.elementor-widget-heading .elementor-heading-title[class*=elementor-size-]>a{color:inherit;font-size:inherit;line-height:inherit}.elementor-widget-heading .elementor-heading-title.elementor-size-small{font-size:15px}.elementor-widget-heading .elementor-heading-title.elementor-size-medium{font-size:19px}.elementor-widget-heading .elementor-heading-title.elementor-size-large{font-size:29px}.elementor-widget-heading .elementor-heading-title.elementor-size-xl{font-size:39px}.elementor-widget-heading .elementor-heading-title.elementor-size-xxl{font-size:59px}<\/style>\n<h2>Contacte<\/h2>\n<p>Si desitges obtenir m\u00e9s informaci\u00f3 sobre els serveis que ofereixo o necessiteu ajuda amb la renovaci\u00f3 de la informaci\u00f3 per a les persones usu\u00e0ries, pots enviar-me un e-mail a\u00a0<a href=\"mailto:kevin@transportmapping.com\">kevin@transportmapping.com<\/a>\u00a0i us respondr\u00e9 tan aviat com sigui possible.<\/p>\n<p>Tamb\u00e9 em podeu trobar a les seg\u00fcents xarxes socials:<\/p>\n<ul>\n<li><a href=\"https:\/\/www.linkedin.com\/in\/kevinarguzon\/\" target=\"_blank\" rel=\"noopener\">LinkedIn<\/a><\/li>\n<li><a href=\"https:\/\/twitter.com\/transportmap\/\" target=\"_blank\" rel=\"noopener\">Twitter<\/a><\/li>\n<li><a href=\"https:\/\/instagram.com\/transportmapping\" target=\"_blank\" rel=\"noopener\">Instagram<\/a><\/li>\n<\/ul>\n","protected":false},"excerpt":{"rendered":"<p>Contacte Si desitges obtenir m\u00e9s informaci\u00f3 sobre els serveis que ofereixo o necessiteu ajuda amb la renovaci\u00f3 de la informaci\u00f3 per a les persones usu\u00e0ries, pots enviar-me un e-mail a\u00a0kevin@transportmapping.com\u00a0i us respondr\u00e9 tan aviat com sigui possible. Tamb\u00e9 em podeu trobar a les seg\u00fcents xarxes socials: LinkedIn Twitter Instagram<\/p>\n","protected":false},"author":1,"featured_media":0,"parent":0,"menu_order":0,"comment_status":"closed","ping_status":"closed","template":"","meta":{"footnotes":""},"class_list":["post-281","page","type-page","status-publish","hentry"],"_links":{"self":[{"href":"https:\/\/transportmapping.com\/es\/wp-json\/wp\/v2\/pages\/281","targetHints":{"allow":["GET"]}}],"collection":[{"href":"https:\/\/transportmapping.com\/es\/wp-json\/wp\/v2\/pages"}],"about":[{"href":"https:\/\/transportmapping.com\/es\/wp-json\/wp\/v2\/types\/page"}],"author":[{"embeddable":true,"href":"https:\/\/transportmapping.com\/es\/wp-json\/wp\/v2\/users\/1"}],"replies":[{"embeddable":true,"href":"https:\/\/transportmapping.com\/es\/wp-json\/wp\/v2\/comments?post=281"}],"version-history":[{"count":0,"href":"https:\/\/transportmapping.com\/es\/wp-json\/wp\/v2\/pages\/281\/revisions"}],"wp:attachment":[{"href":"https:\/\/transportmapping.com\/es\/wp-json\/wp\/v2\/media?parent=281"}],"curies":[{"name":"wp","href":"https:\/\/api.w.org\/{rel}","templated":true}]}}