{"id":283,"date":"2024-04-23T15:04:27","date_gmt":"2024-04-23T15:04:27","guid":{"rendered":"https:\/\/transportmapping.cat\/novaweb\/sobre-mi\/"},"modified":"2024-04-23T15:04:27","modified_gmt":"2024-04-23T15:04:27","slug":"sobre-mi","status":"publish","type":"page","link":"https:\/\/transportmapping.com\/es\/sobre-mi\/","title":{"rendered":"Sobre m\u00ed"},"content":{"rendered":"<style>\/*! elementor - v3.23.0 - 15-07-2024 *\/\n.elementor-heading-title{padding:0;margin:0;line-height:1}.elementor-widget-heading .elementor-heading-title[class*=elementor-size-]>a{color:inherit;font-size:inherit;line-height:inherit}.elementor-widget-heading .elementor-heading-title.elementor-size-small{font-size:15px}.elementor-widget-heading .elementor-heading-title.elementor-size-medium{font-size:19px}.elementor-widget-heading .elementor-heading-title.elementor-size-large{font-size:29px}.elementor-widget-heading .elementor-heading-title.elementor-size-xl{font-size:39px}.elementor-widget-heading .elementor-heading-title.elementor-size-xxl{font-size:59px}<\/style>\n<h2>Sobre mi<br \/>\n<\/h2>\n<p>Soc en Kevin Arguz\u00f3n, apassionat de la mobilitat i de com es mouen i gestionen les ciutats, dissenyador de mapes de transport p\u00fablic i (gaireb\u00e9) arquitecte.<\/p>\n<p>Tot i sembla un t\u00f2pic, de petit els mapes ja m&#8217;agradaven. Amb 10 anys vaig intentar dibuixar el mapa de Metro de Barcelona amb Word. Evidentment vaig fracassar. Per\u00f2 vaig aprendre que Arial no era la mateixa tipografia que la que apareix en aquell mapa. Anys m\u00e9s tard vaig aprendre que es diu Helvetica.<\/p>\n<p>Durant l&#8217;adolesc\u00e8ncia vaig descobrir els programes de disseny vectorial com Freehand o Illustrator. Vaig comen\u00e7ar a sospitar que els mapes no es feien amb Word. Ni amb Paint.<\/p>\n<p>M\u00e9s tard vaig descobrir els programes de maquetaci\u00f3 (primer QuarkXPress i despr\u00e9s InDesign). Em vaig adonar que, malgrat no saber-los fer servir, les publicacions importants es fan amb aquests programes.<\/p>\n<p>Vaig comen\u00e7ar Arquitectura i all\u00e0 vaig aprendre, entre molt\u00edssimes altres coses, m\u00e9s eines de representaci\u00f3 d&#8217;espais a diferents escales: des de l&#8217;1:1 dels detalls constructius al 1:10.000 dels plans urban\u00edstics. Tot aix\u00f2 sota la pressi\u00f3 de les entregues, les poques hores de son i els errors fatals d&#8217;AutoCAD.<\/p>\n<p>Ja amb les eines adequades i amb l&#8217;objectiu d&#8217;aprendre a fer-les servir a trav\u00e9s de projectes \u00fatils i est\u00e8tics, vaig comen\u00e7ar a confeccionar alguns mapes.<\/p>\n<p>I una cosa porta a l&#8217;altra. Fins arribar aqu\u00ed.<\/p>\n","protected":false},"excerpt":{"rendered":"<p>Sobre mi Soc en Kevin Arguz\u00f3n, apassionat de la mobilitat i de com es mouen i gestionen les ciutats, dissenyador de mapes de transport p\u00fablic i (gaireb\u00e9) arquitecte. Tot i sembla un t\u00f2pic, de petit els mapes ja m&#8217;agradaven. Amb 10 anys vaig intentar dibuixar el mapa de Metro de Barcelona amb Word. Evidentment vaig [&hellip;]<\/p>\n","protected":false},"author":1,"featured_media":0,"parent":0,"menu_order":0,"comment_status":"closed","ping_status":"closed","template":"","meta":{"footnotes":""},"class_list":["post-283","page","type-page","status-publish","hentry"],"_links":{"self":[{"href":"https:\/\/transportmapping.com\/es\/wp-json\/wp\/v2\/pages\/283","targetHints":{"allow":["GET"]}}],"collection":[{"href":"https:\/\/transportmapping.com\/es\/wp-json\/wp\/v2\/pages"}],"about":[{"href":"https:\/\/transportmapping.com\/es\/wp-json\/wp\/v2\/types\/page"}],"author":[{"embeddable":true,"href":"https:\/\/transportmapping.com\/es\/wp-json\/wp\/v2\/users\/1"}],"replies":[{"embeddable":true,"href":"https:\/\/transportmapping.com\/es\/wp-json\/wp\/v2\/comments?post=283"}],"version-history":[{"count":0,"href":"https:\/\/transportmapping.com\/es\/wp-json\/wp\/v2\/pages\/283\/revisions"}],"wp:attachment":[{"href":"https:\/\/transportmapping.com\/es\/wp-json\/wp\/v2\/media?parent=283"}],"curies":[{"name":"wp","href":"https:\/\/api.w.org\/{rel}","templated":true}]}}