{"id":285,"date":"2024-04-23T15:03:58","date_gmt":"2024-04-23T15:03:58","guid":{"rendered":"https:\/\/transportmapping.cat\/novaweb\/portafoli\/"},"modified":"2024-04-23T15:03:58","modified_gmt":"2024-04-23T15:03:58","slug":"portafoli","status":"publish","type":"page","link":"https:\/\/transportmapping.com\/es\/portafoli\/","title":{"rendered":"Portafoli"},"content":{"rendered":"<style>\/*! elementor - v3.23.0 - 15-07-2024 *\/\n.elementor-heading-title{padding:0;margin:0;line-height:1}.elementor-widget-heading .elementor-heading-title[class*=elementor-size-]>a{color:inherit;font-size:inherit;line-height:inherit}.elementor-widget-heading .elementor-heading-title.elementor-size-small{font-size:15px}.elementor-widget-heading .elementor-heading-title.elementor-size-medium{font-size:19px}.elementor-widget-heading .elementor-heading-title.elementor-size-large{font-size:29px}.elementor-widget-heading .elementor-heading-title.elementor-size-xl{font-size:39px}.elementor-widget-heading .elementor-heading-title.elementor-size-xxl{font-size:59px}<\/style>\n<h2>Pl\u00e0nol de bus interurb\u00e0 d&#8217;Osona<\/h2>\n<p>En motiu de la Setmana de la Mobilitat 2021, el Consell Comarcal d&#8217;Osona i l&#8217;Ajuntament de Vic van donar un nou impuls al pl\u00e0nol de bus interurb\u00e0 que havia creat de forma volunt\u00e0ria l&#8217;Adri\u00e0 Ram\u00edrez (soci de la\u00a0<abbr title=\"Associaci\u00f3 per a la Promoci\u00f3 del Transport P\u00fablic\">PTP<\/abbr>) els anys 2013 i 2016 per a la comarca d&#8217;Osona (160.000 habitants).<br \/>Aquest nou pl\u00e0nol mostra les xarxes entre setmana i en cap de setmana, i mostra de forma m\u00e9s clara els itineraris de les l\u00ednies. Tamb\u00e9 introdueix les parades i les l\u00ednies a la demanda (TAD), inexistents en el moment de la publicaci\u00f3 del pl\u00e0nol anterior. Est\u00e0 penjat a les marquesines repartides per tota la comarca.<\/p>\n<h2>Senyalitzaci\u00f3 i pl\u00e0nol de l&#8217;EMT Palma<br \/>\n<\/h2>\n<p>A finals del 2019 Palma, la capital de Mallorca (410.000 habitants) feia una profunda reestructuraci\u00f3 de la xarxa de bus, amb la qual cosa necessitava un nou mapa i renovar la informaci\u00f3 de les 900 parades que integren la xarxa. Tant el disseny inicial del mapa com el projecte de senyalitzaci\u00f3 es van gestar de forma interna. Va ser posteriorment quan vaig poder posar el meu gra de sorra amb la proposta de millores en el pl\u00e0nol i la sistematitzaci\u00f3 de la informaci\u00f3 mostrada a les parades. S&#8217;havia de tenir en compte la gran varietat de models de parada que hi ha repartits per tota la ciutat. Aix\u00f2 ha perm\u00e8s adaptar la informaci\u00f3 de parada a les necessitats que han anat sorgint.<\/p>\n<p>Es pot consultar la versi\u00f3 vigent del mapa a la\u00a0<a href=\"http:\/\/www.emtpalma.cat\/ca\/planol-general-i-horaris-complets-de-la-xarxa\" target=\"_blank\" rel=\"noopener\">p\u00e0gina web oficial de la EMT de Palma<\/a><\/p>\n<h2>Senyalitzaci\u00f3 de parades d&#8217;autocar interurb\u00e0 a Barcelona<br \/>\n<\/h2>\n<p>Aprofitant el canvi d&#8217;ubicaci\u00f3 de les parades d&#8217;autocar interurb\u00e0 a Barcelona en motiu diversos canvis urban\u00edstics a la ciutat, l&#8217;operador Teisa 1920 va decidir fer un pas endavant en la senyalitzaci\u00f3 de les seves parades.<\/p>\n<p>La vinilaci\u00f3 d&#8217;aquestes parades mostra de forma clara i entenedora les poblacions a les quals s&#8217;hi pot arribar des d&#8217;aquella mateixa parada, aix\u00ed com fotografies d&#8217;indrets d&#8217;inter\u00e8s tur\u00edstic d&#8217;aquestes comarques per refor\u00e7ar l&#8217;oci amb transport p\u00fablic.<\/p>\n<p>A m\u00e9s a m\u00e9s, tamb\u00e9 mostra les estacions o parades properes d&#8217;altres operadors (mesurat en temps i dist\u00e0ncia), aix\u00ed com l&#8217;oficina d&#8217;atenci\u00f3 al client de la pr\u00f2pia companyia, creant d&#8217;aquesta manera, el prototip d&#8217;una veritable \u00e0rea d&#8217;intercanvi.<\/p>\n<h2>Pl\u00e0nol d&#8217;autob\u00fas urb\u00e0 d&#8217;Igualada, Vilanova del Cam\u00ed i Santa Margarida de Montbui<br \/>\n<\/h2>\n<p>El nou pl\u00e0nol d&#8217;autob\u00fas urb\u00e0 d&#8217;aquesta conurbaci\u00f3 (63.700 habitants sumant els tres municipis) operada per Masats va ser el resultat del treball dut a terme amb la consultora CINESI.<\/p>\n<p>Les particularitats d&#8217;aquesta xarxa (l\u00ednies que passen per la mateixa parada en sentits oposats, tenen recorreguts diferents en funci\u00f3 de l&#8217;hora del dia o circulen en determinats dies de la setmana) es mostren de forma clara i intu\u00eftiva en aquest pl\u00e0nol amb base geogr\u00e0fica.<\/p>\n<h2>Mapa d&#8217;autob\u00fas de Barcelona<br \/>\n<\/h2>\n<p>Com a projecte personal, fa uns anys vaig decidir realitzar aquest mapa per aplicar i consolidar els coneixements adquirits amb eines de disseny vectorial (en aquest cas Adobe Illustrator). Tamb\u00e9 volia millorar el mapa actual i tenir alguna cosa semblant al que hi havia abans del 2012, any en qu\u00e8 es va comen\u00e7ar una progressiva reestructuraci\u00f3 que va culminar a finals del 2018.<\/p>\n","protected":false},"excerpt":{"rendered":"<p>Pl\u00e0nol de bus interurb\u00e0 d&#8217;Osona En motiu de la Setmana de la Mobilitat 2021, el Consell Comarcal d&#8217;Osona i l&#8217;Ajuntament de Vic van donar un nou impuls al pl\u00e0nol de bus interurb\u00e0 que havia creat de forma volunt\u00e0ria l&#8217;Adri\u00e0 Ram\u00edrez (soci de la\u00a0PTP) els anys 2013 i 2016 per a la comarca d&#8217;Osona (160.000 habitants).Aquest [&hellip;]<\/p>\n","protected":false},"author":1,"featured_media":0,"parent":0,"menu_order":0,"comment_status":"closed","ping_status":"closed","template":"","meta":{"footnotes":""},"class_list":["post-285","page","type-page","status-publish","hentry"],"_links":{"self":[{"href":"https:\/\/transportmapping.com\/es\/wp-json\/wp\/v2\/pages\/285","targetHints":{"allow":["GET"]}}],"collection":[{"href":"https:\/\/transportmapping.com\/es\/wp-json\/wp\/v2\/pages"}],"about":[{"href":"https:\/\/transportmapping.com\/es\/wp-json\/wp\/v2\/types\/page"}],"author":[{"embeddable":true,"href":"https:\/\/transportmapping.com\/es\/wp-json\/wp\/v2\/users\/1"}],"replies":[{"embeddable":true,"href":"https:\/\/transportmapping.com\/es\/wp-json\/wp\/v2\/comments?post=285"}],"version-history":[{"count":0,"href":"https:\/\/transportmapping.com\/es\/wp-json\/wp\/v2\/pages\/285\/revisions"}],"wp:attachment":[{"href":"https:\/\/transportmapping.com\/es\/wp-json\/wp\/v2\/media?parent=285"}],"curies":[{"name":"wp","href":"https:\/\/api.w.org\/{rel}","templated":true}]}}