{"id":289,"date":"2024-04-23T15:02:20","date_gmt":"2024-04-23T15:02:20","guid":{"rendered":"https:\/\/transportmapping.cat\/novaweb\/senyalitzacio\/"},"modified":"2024-04-23T15:02:20","modified_gmt":"2024-04-23T15:02:20","slug":"senyalitzacio","status":"publish","type":"page","link":"https:\/\/transportmapping.com\/es\/senyalitzacio\/","title":{"rendered":"Senyalitzaci\u00f3"},"content":{"rendered":"<style>\/*! elementor - v3.23.0 - 15-07-2024 *\/\n.elementor-heading-title{padding:0;margin:0;line-height:1}.elementor-widget-heading .elementor-heading-title[class*=elementor-size-]>a{color:inherit;font-size:inherit;line-height:inherit}.elementor-widget-heading .elementor-heading-title.elementor-size-small{font-size:15px}.elementor-widget-heading .elementor-heading-title.elementor-size-medium{font-size:19px}.elementor-widget-heading .elementor-heading-title.elementor-size-large{font-size:29px}.elementor-widget-heading .elementor-heading-title.elementor-size-xl{font-size:39px}.elementor-widget-heading .elementor-heading-title.elementor-size-xxl{font-size:59px}<\/style>\n<h2>La senyalitzaci\u00f3 marca l&#8217;experi\u00e8ncia de l&#8217;usuari<\/h2>\n<p>Un bon mapa no \u00e9s tan \u00fatil si no hi ha una senyalitzaci\u00f3 que el complementi i acompanyi. La informaci\u00f3 est\u00e0tica a les parades sempre estar\u00e0 disponible per a tothom, nit i dia, plogui o faci sol. En canvi, els panells que ofereixen informaci\u00f3 en temps real tenen un cost de manteniment alt i s\u00f3n m\u00e9s propensos a avaries que un simple paper. Per una altra banda, la informaci\u00f3 que s&#8217;ofereix a trav\u00e9s del tel\u00e8fon m\u00f2bil nom\u00e9s \u00e9s \u00fatil si la persona usu\u00e0ria hi pot accedir: molta gent no t\u00e9 tra\u00e7a amb les noves tecnologies o senzillament s&#8217;ha quedat sense bateria.<\/p>\n<p>Les parades han de tenir la informaci\u00f3 necess\u00e0ria que respongui a totes les preguntes que qualsevol es pugui fer sobre el seu trajecte, tant si l&#8217;est\u00e0 comen\u00e7ant, finalitzant, o si est\u00e0 fent un transbordament.<\/p>\n<p>\u00c9s per aquest motiu que han de contenir, sempre i quan sigui possible, la seg\u00fcent informaci\u00f3:<\/p>\n<ul>\n<li>Nom de la parada, com m\u00e9s curt i senzill millor<\/li>\n<li>N\u00famero un\u00edvoc de parada<\/li>\n<li>Mapa general de la xarxa<\/li>\n<li>Term\u00f2metre de cada l\u00ednia que doni servei en aquella parada<\/li>\n<li>Horaris de pas de cada l\u00ednia, mostrat en hores exactes o per freq\u00fc\u00e8ncia<\/li>\n<li>Les tarifes vigents<\/li>\n<li>Mapa de situaci\u00f3 en el cas de ser punt de connexi\u00f3 amb altres l\u00ednies<\/li>\n<li>Introduir elements tecnol\u00f2gics passius (com un codi QR i\/o un xip NFC) que portin a la web o app amb informaci\u00f3 actualitzada dels temps de pas<\/li>\n<li>Espai reservat per a alteracions programades del servei<\/li>\n<li>Data d&#8217;\u00faltima actualitzaci\u00f3<\/li>\n<\/ul>\n<p>Si a la xarxa de transport de la que formes part compleix gran part d&#8217;aquests elements, enhorabona! Si per desgr\u00e0cia falten molts elements, o b\u00e9 mantenir la informaci\u00f3 actualitzada resulta massa complicat, us puc oferir els meus serveis de\u00a0<a href=\"https:\/\/transportmapping.cat\/consultoria\" target=\"_blank\" rel=\"noopener\">consultoria<\/a>. Troba&#8217;m a l&#8217;apartat\u00a0<a href=\"https:\/\/transportmapping.cat\/contacte\" target=\"_blank\" rel=\"noopener\">Contacte<\/a>.<\/p>\n","protected":false},"excerpt":{"rendered":"<p>La senyalitzaci\u00f3 marca l&#8217;experi\u00e8ncia de l&#8217;usuari Un bon mapa no \u00e9s tan \u00fatil si no hi ha una senyalitzaci\u00f3 que el complementi i acompanyi. La informaci\u00f3 est\u00e0tica a les parades sempre estar\u00e0 disponible per a tothom, nit i dia, plogui o faci sol. En canvi, els panells que ofereixen informaci\u00f3 en temps real tenen un [&hellip;]<\/p>\n","protected":false},"author":1,"featured_media":0,"parent":0,"menu_order":0,"comment_status":"closed","ping_status":"closed","template":"","meta":{"footnotes":""},"class_list":["post-289","page","type-page","status-publish","hentry"],"_links":{"self":[{"href":"https:\/\/transportmapping.com\/es\/wp-json\/wp\/v2\/pages\/289","targetHints":{"allow":["GET"]}}],"collection":[{"href":"https:\/\/transportmapping.com\/es\/wp-json\/wp\/v2\/pages"}],"about":[{"href":"https:\/\/transportmapping.com\/es\/wp-json\/wp\/v2\/types\/page"}],"author":[{"embeddable":true,"href":"https:\/\/transportmapping.com\/es\/wp-json\/wp\/v2\/users\/1"}],"replies":[{"embeddable":true,"href":"https:\/\/transportmapping.com\/es\/wp-json\/wp\/v2\/comments?post=289"}],"version-history":[{"count":0,"href":"https:\/\/transportmapping.com\/es\/wp-json\/wp\/v2\/pages\/289\/revisions"}],"wp:attachment":[{"href":"https:\/\/transportmapping.com\/es\/wp-json\/wp\/v2\/media?parent=289"}],"curies":[{"name":"wp","href":"https:\/\/api.w.org\/{rel}","templated":true}]}}