{"id":306,"date":"2024-04-23T15:04:55","date_gmt":"2024-04-23T15:04:55","guid":{"rendered":"https:\/\/transportmapping.cat\/novaweb\/contacto\/"},"modified":"2024-07-17T15:50:33","modified_gmt":"2024-07-17T15:50:33","slug":"contacto","status":"publish","type":"page","link":"https:\/\/transportmapping.com\/es\/contacto\/","title":{"rendered":"Contacto"},"content":{"rendered":"\t\t<div data-elementor-type=\"wp-page\" data-elementor-id=\"306\" class=\"elementor elementor-306 elementor-12\" data-elementor-post-type=\"page\">\n\t\t\t\t<div class=\"elementor-element elementor-element-56664d5 e-flex e-con-boxed e-con e-parent\" data-id=\"56664d5\" data-element_type=\"container\" data-e-type=\"container\">\n\t\t\t\t\t<div class=\"e-con-inner\">\n\t\t<div class=\"elementor-element elementor-element-5039347 e-con-full e-flex e-con e-child\" data-id=\"5039347\" data-element_type=\"container\" data-e-type=\"container\" data-settings=\"{&quot;background_background&quot;:&quot;classic&quot;}\">\n\t\t<div class=\"elementor-element elementor-element-e4ebcdc e-con-full e-flex e-con e-child\" data-id=\"e4ebcdc\" data-element_type=\"container\" data-e-type=\"container\">\n\t\t\t\t<div class=\"elementor-element elementor-element-df5b70d elementor-widget elementor-widget-heading\" data-id=\"df5b70d\" data-element_type=\"widget\" data-e-type=\"widget\" data-widget_type=\"heading.default\">\n\t\t\t\t<div class=\"elementor-widget-container\">\n\t\t\t\t\t<h2 class=\"elementor-heading-title elementor-size-default\">Contacto<\/h2>\t\t\t\t<\/div>\n\t\t\t\t<\/div>\n\t\t\t\t<div class=\"elementor-element elementor-element-823d157 elementor-widget elementor-widget-text-editor\" data-id=\"823d157\" data-element_type=\"widget\" data-e-type=\"widget\" data-widget_type=\"text-editor.default\">\n\t\t\t\t<div class=\"elementor-widget-container\">\n\t\t\t\t\t\t\t\t\t<p>Si deseas obtener m\u00e1s informaci\u00f3n sobre los servicios que ofrezco o necesit\u00e1is ayuda con la renovaci\u00f3n de la informaci\u00f3n a las personas usuarias, puedes enviarme un e-mail a <a href=\"mailto:kevin@transportmapping.com\">kevin@transportmapping.com<\/a> y responder\u00e9 tan pronto como sea posible.<\/p>\n<p>Tambi\u00e9n me pod\u00e9is encontrar en las siguientes redes sociales:<\/p>\n<ul class=\"listado\">\n<li><a href=\"https:\/\/www.linkedin.com\/in\/kevinarguzon\/\" target=\"_blank\" rel=\"noopener\">LinkedIn<\/a><\/li>\n<li><a href=\"https:\/\/twitter.com\/transportmap\/\" target=\"_blank\" rel=\"noopener\">Twitter<\/a><\/li>\n<li><a href=\"https:\/\/instagram.com\/transportmapping\" target=\"_blank\" rel=\"noopener\">Instagram<\/a><\/li>\n<\/ul>\n\t\t\t\t\t\t\t\t<\/div>\n\t\t\t\t<\/div>\n\t\t\t\t<\/div>\n\t\t<div class=\"elementor-element elementor-element-3a5a42c e-con-full e-flex e-con e-child\" data-id=\"3a5a42c\" data-element_type=\"container\" data-e-type=\"container\" data-settings=\"{&quot;background_background&quot;:&quot;classic&quot;}\">\n\t\t\t\t<\/div>\n\t\t\t\t<\/div>\n\t\t\t\t\t<\/div>\n\t\t\t\t<\/div>\n\t\t\t\t<\/div>\n\t\t","protected":false},"excerpt":{"rendered":"<p>Contacto Si deseas obtener m\u00e1s informaci\u00f3n sobre los servicios que ofrezco o necesit\u00e1is ayuda con la renovaci\u00f3n de la informaci\u00f3n a las personas usuarias, puedes enviarme un e-mail a kevin@transportmapping.com y responder\u00e9 tan pronto como sea posible. Tambi\u00e9n me pod\u00e9is encontrar en las siguientes redes sociales: LinkedIn Twitter Instagram<\/p>\n","protected":false},"author":1,"featured_media":0,"parent":0,"menu_order":0,"comment_status":"closed","ping_status":"closed","template":"","meta":{"footnotes":""},"class_list":["post-306","page","type-page","status-publish","hentry"],"_links":{"self":[{"href":"https:\/\/transportmapping.com\/es\/wp-json\/wp\/v2\/pages\/306","targetHints":{"allow":["GET"]}}],"collection":[{"href":"https:\/\/transportmapping.com\/es\/wp-json\/wp\/v2\/pages"}],"about":[{"href":"https:\/\/transportmapping.com\/es\/wp-json\/wp\/v2\/types\/page"}],"author":[{"embeddable":true,"href":"https:\/\/transportmapping.com\/es\/wp-json\/wp\/v2\/users\/1"}],"replies":[{"embeddable":true,"href":"https:\/\/transportmapping.com\/es\/wp-json\/wp\/v2\/comments?post=306"}],"version-history":[{"count":1,"href":"https:\/\/transportmapping.com\/es\/wp-json\/wp\/v2\/pages\/306\/revisions"}],"predecessor-version":[{"id":307,"href":"https:\/\/transportmapping.com\/es\/wp-json\/wp\/v2\/pages\/306\/revisions\/307"}],"wp:attachment":[{"href":"https:\/\/transportmapping.com\/es\/wp-json\/wp\/v2\/media?parent=306"}],"curies":[{"name":"wp","href":"https:\/\/api.w.org\/{rel}","templated":true}]}}