{"id":310,"date":"2024-04-23T15:04:27","date_gmt":"2024-04-23T15:04:27","guid":{"rendered":"https:\/\/transportmapping.cat\/novaweb\/sobre-mi-2\/"},"modified":"2024-07-17T15:55:54","modified_gmt":"2024-07-17T15:55:54","slug":"sobre-mi-2","status":"publish","type":"page","link":"https:\/\/transportmapping.com\/es\/sobre-mi-2\/","title":{"rendered":"Sobre m\u00ed"},"content":{"rendered":"\t\t<div data-elementor-type=\"wp-page\" data-elementor-id=\"310\" class=\"elementor elementor-310 elementor-11\" data-elementor-post-type=\"page\">\n\t\t\t\t<div class=\"elementor-element elementor-element-da15820 e-flex e-con-boxed e-con e-parent\" data-id=\"da15820\" data-element_type=\"container\" data-e-type=\"container\">\n\t\t\t\t\t<div class=\"e-con-inner\">\n\t\t<div class=\"elementor-element elementor-element-a43b2a7 e-con-full e-flex e-con e-child\" data-id=\"a43b2a7\" data-element_type=\"container\" data-e-type=\"container\" data-settings=\"{&quot;background_background&quot;:&quot;classic&quot;}\">\n\t\t<div class=\"elementor-element elementor-element-6e05702 e-con-full e-flex e-con e-child\" data-id=\"6e05702\" data-element_type=\"container\" data-e-type=\"container\">\n\t\t\t\t<div class=\"elementor-element elementor-element-59b5832 elementor-widget elementor-widget-heading\" data-id=\"59b5832\" data-element_type=\"widget\" data-e-type=\"widget\" data-widget_type=\"heading.default\">\n\t\t\t\t<div class=\"elementor-widget-container\">\n\t\t\t\t\t<h2 class=\"elementor-heading-title elementor-size-default\">Sobre mi\n<\/h2>\t\t\t\t<\/div>\n\t\t\t\t<\/div>\n\t\t\t\t<div class=\"elementor-element elementor-element-c1d9b1e elementor-widget elementor-widget-text-editor\" data-id=\"c1d9b1e\" data-element_type=\"widget\" data-e-type=\"widget\" data-widget_type=\"text-editor.default\">\n\t\t\t\t<div class=\"elementor-widget-container\">\n\t\t\t\t\t\t\t\t\t<p>Soy Kevin Arguz\u00f3n, apasionado de la movilidad y de c\u00f3mo se mueven y gestionan las ciudades, dise\u00f1ador de mapas de transport p\u00fablico y (casi) arquitecto.<\/p>\n<p>Aunque parezca un t\u00f3pico, desde peque\u00f1o ya me gustaban los mapas. los 10 a\u00f1os intent\u00e9 dibujar el mapa del Metro de Barcelona con Word. Evidentemente fracas\u00e9. Pero aprend\u00ed que Arial no era la misma tipograf\u00eda que la que aparece en aquel mapa. A\u00f1os m\u00e1s tarde aprend\u00ed que se llama Helvetica.<\/p>\n<p>Durante la adolescencia descubr\u00ed los programas de dise\u00f1o vectorial como Freehand o Illustrator. Empec\u00e9 a sospechar que los mapas no se hac\u00edan con Word. Ni con Paint.<\/p>\n<p>M\u00e1s tarde descubr\u00ed los programas de maquetaci\u00f3n (primero QuarkXPress y despu\u00e9s InDesign). Me di cuenta de que, a pesar de no saberlos utilizar, las publicaciones importantes se hacen con estos programas.<\/p>\n<p>Empec\u00e9 Arquitectura y all\u00ed aprend\u00ed, entre otras much\u00edsimas cosas, m\u00e1s herramientas de representaci\u00f3n de espacios a diferentes escalas: desde el 1:1 de los detalles constructivos al 1:10.000 de los planes urban\u00edsticos. Todo esto bajo la presi\u00f3n de las entregas, las pocas horas de sue\u00f1o y los errores fatales de AutoCAD.<\/p>\n<p>Ya con las herramientas adecuadas y con el objetivo de aprender a utilizarlas a trav\u00e9s de proyectos \u00fatiles y est\u00e9ticos, empec\u00e9 a confeccionar algunos mapas.<\/p>\n<p>Y una cosa lleva a la otra. Hasta llegar aqu\u00ed.<\/p>\n\t\t\t\t\t\t\t\t<\/div>\n\t\t\t\t<\/div>\n\t\t\t\t<\/div>\n\t\t<div class=\"elementor-element elementor-element-fcaf5ec e-con-full e-flex e-con e-child\" data-id=\"fcaf5ec\" data-element_type=\"container\" data-e-type=\"container\" data-settings=\"{&quot;background_background&quot;:&quot;classic&quot;}\">\n\t\t\t\t<\/div>\n\t\t\t\t<\/div>\n\t\t\t\t\t<\/div>\n\t\t\t\t<\/div>\n\t\t\t\t<\/div>\n\t\t","protected":false},"excerpt":{"rendered":"<p>Sobre mi Soy Kevin Arguz\u00f3n, apasionado de la movilidad y de c\u00f3mo se mueven y gestionan las ciudades, dise\u00f1ador de mapas de transport p\u00fablico y (casi) arquitecto. Aunque parezca un t\u00f3pico, desde peque\u00f1o ya me gustaban los mapas. los 10 a\u00f1os intent\u00e9 dibujar el mapa del Metro de Barcelona con Word. Evidentemente fracas\u00e9. Pero aprend\u00ed [&hellip;]<\/p>\n","protected":false},"author":1,"featured_media":0,"parent":0,"menu_order":0,"comment_status":"closed","ping_status":"closed","template":"","meta":{"footnotes":""},"class_list":["post-310","page","type-page","status-publish","hentry"],"_links":{"self":[{"href":"https:\/\/transportmapping.com\/es\/wp-json\/wp\/v2\/pages\/310","targetHints":{"allow":["GET"]}}],"collection":[{"href":"https:\/\/transportmapping.com\/es\/wp-json\/wp\/v2\/pages"}],"about":[{"href":"https:\/\/transportmapping.com\/es\/wp-json\/wp\/v2\/types\/page"}],"author":[{"embeddable":true,"href":"https:\/\/transportmapping.com\/es\/wp-json\/wp\/v2\/users\/1"}],"replies":[{"embeddable":true,"href":"https:\/\/transportmapping.com\/es\/wp-json\/wp\/v2\/comments?post=310"}],"version-history":[{"count":1,"href":"https:\/\/transportmapping.com\/es\/wp-json\/wp\/v2\/pages\/310\/revisions"}],"predecessor-version":[{"id":311,"href":"https:\/\/transportmapping.com\/es\/wp-json\/wp\/v2\/pages\/310\/revisions\/311"}],"wp:attachment":[{"href":"https:\/\/transportmapping.com\/es\/wp-json\/wp\/v2\/media?parent=310"}],"curies":[{"name":"wp","href":"https:\/\/api.w.org\/{rel}","templated":true}]}}