{"id":312,"date":"2024-04-23T15:03:58","date_gmt":"2024-04-23T15:03:58","guid":{"rendered":"https:\/\/transportmapping.cat\/novaweb\/portafolio\/"},"modified":"2024-07-17T15:58:47","modified_gmt":"2024-07-17T15:58:47","slug":"portafolio","status":"publish","type":"page","link":"https:\/\/transportmapping.com\/es\/portafolio\/","title":{"rendered":"Portafolio"},"content":{"rendered":"\t\t<div data-elementor-type=\"wp-page\" data-elementor-id=\"312\" class=\"elementor elementor-312 elementor-10\" data-elementor-post-type=\"page\">\n\t\t\t\t<div class=\"elementor-element elementor-element-84f0d04 e-flex e-con-boxed e-con e-parent\" data-id=\"84f0d04\" data-element_type=\"container\" data-e-type=\"container\">\n\t\t\t\t\t<div class=\"e-con-inner\">\n\t\t<div class=\"elementor-element elementor-element-0b34ae0 e-con-full e-flex e-con e-child\" data-id=\"0b34ae0\" data-element_type=\"container\" data-e-type=\"container\" data-settings=\"{&quot;background_background&quot;:&quot;classic&quot;}\">\n\t\t<div class=\"elementor-element elementor-element-56ead3b e-con-full e-flex e-con e-child\" data-id=\"56ead3b\" data-element_type=\"container\" data-e-type=\"container\">\n\t\t\t\t<div class=\"elementor-element elementor-element-8a4505a elementor-widget elementor-widget-heading\" data-id=\"8a4505a\" data-element_type=\"widget\" data-e-type=\"widget\" data-widget_type=\"heading.default\">\n\t\t\t\t<div class=\"elementor-widget-container\">\n\t\t\t\t\t<h2 class=\"elementor-heading-title elementor-size-default\">Plano de bus interurbano de Osona<\/h2>\t\t\t\t<\/div>\n\t\t\t\t<\/div>\n\t\t\t\t<div class=\"elementor-element elementor-element-c982be2 elementor-widget elementor-widget-text-editor\" data-id=\"c982be2\" data-element_type=\"widget\" data-e-type=\"widget\" data-widget_type=\"text-editor.default\">\n\t\t\t\t<div class=\"elementor-widget-container\">\n\t\t\t\t\t\t\t\t\t<div class=\"caja-texto der\">\n<p>Con motivo de la Semana de la Movilidad 2021, el Consejo Comarcal de Osona y el Ayuntamiento de Vic dieron un nuevo impulso al plano de bus interurbano que hab\u00eda creado de forma voluntaria Adri\u00e0 Ram\u00edrez (socio de la <abbr title=\"Asociaci\u00f3n para la Promoci\u00f3n del Transporte P\u00fablico\">PTP<\/abbr>) en los a\u00f1os 2013 y 2016 para la comarca de Osona (160.000 habitantes).<br \/>Este nuevo plano muestra las redes entre semana y en fin de semana, y muestra de forma m\u00e1s clara los itinerarios de las l\u00edneas. Tambi\u00e9n introduce las paradas y l\u00edneas a la demanda (TAD), inexistentes en el momento de la publicaci\u00f3n del plano anterior. Est\u00e1 colgado en las marquesinas repartidas por toda la comarca.<\/p>\n<\/div>\n\t\t\t\t\t\t\t\t<\/div>\n\t\t\t\t<\/div>\n\t\t\t\t<\/div>\n\t\t<div class=\"elementor-element elementor-element-45f7080 e-con-full e-flex e-con e-child\" data-id=\"45f7080\" data-element_type=\"container\" data-e-type=\"container\" data-settings=\"{&quot;background_background&quot;:&quot;classic&quot;}\">\n\t\t\t\t<\/div>\n\t\t\t\t<\/div>\n\t\t<div class=\"elementor-element elementor-element-c1dd423 e-con-full e-flex e-con e-child\" data-id=\"c1dd423\" data-element_type=\"container\" data-e-type=\"container\" data-settings=\"{&quot;background_background&quot;:&quot;classic&quot;}\">\n\t\t<div class=\"elementor-element elementor-element-6735a10 e-con-full e-flex e-con e-child\" data-id=\"6735a10\" data-element_type=\"container\" data-e-type=\"container\" data-settings=\"{&quot;background_background&quot;:&quot;classic&quot;}\">\n\t\t\t\t<\/div>\n\t\t<div class=\"elementor-element elementor-element-aaa8539 e-con-full e-flex e-con e-child\" data-id=\"aaa8539\" data-element_type=\"container\" data-e-type=\"container\">\n\t\t\t\t<div class=\"elementor-element elementor-element-7bf21e2 elementor-widget elementor-widget-heading\" data-id=\"7bf21e2\" data-element_type=\"widget\" data-e-type=\"widget\" data-widget_type=\"heading.default\">\n\t\t\t\t<div class=\"elementor-widget-container\">\n\t\t\t\t\t<h2 class=\"elementor-heading-title elementor-size-default\">Se\u00f1alizaci\u00f3n y plano de la EMT Palma\n<\/h2>\t\t\t\t<\/div>\n\t\t\t\t<\/div>\n\t\t\t\t<div class=\"elementor-element elementor-element-9b15429 elementor-widget elementor-widget-text-editor\" data-id=\"9b15429\" data-element_type=\"widget\" data-e-type=\"widget\" data-widget_type=\"text-editor.default\">\n\t\t\t\t<div class=\"elementor-widget-container\">\n\t\t\t\t\t\t\t\t\t<p>A finales de 2019 Palma, la capital de Mallorca (410.000 habitantes) hac\u00eda una profunda reestructuraci\u00f3n de la red de bus, con lo que necesitaba un nuevo mapa y renovar la informaci\u00f3n de los 900 puestos que integran la red. Tanto el dise\u00f1o inicial del mapa como el proyecto de se\u00f1alizaci\u00f3n se gestaron de forma interna. Fue posteriormente cuando pude poner mi grano de arena con la propuesta de mejoras en el plano y la sistematizaci\u00f3n de la informaci\u00f3n mostrada en las paradas. Hab\u00eda que tener en cuenta la gran variedad de modelos de parada que hay repartidos por toda la ciudad. Esto ha permitido adaptar la informaci\u00f3n de parada a las necesidades que han ido surgiendo.<\/p>\n<p>Se puede consultar la versi\u00f3n vigente del mapa en la p\u00e1gina web <a href=\"http:\/\/www.emtpalma.cat\/ca\/planol-general-i-horaris-complets-de-la-xarxa\" target=\"_blank\" rel=\"noopener\">oficial de la EMT de Palma<\/a><\/p>\n\t\t\t\t\t\t\t\t<\/div>\n\t\t\t\t<\/div>\n\t\t\t\t<\/div>\n\t\t\t\t<\/div>\n\t\t<div class=\"elementor-element elementor-element-6439130 e-con-full e-flex e-con e-child\" data-id=\"6439130\" data-element_type=\"container\" data-e-type=\"container\" data-settings=\"{&quot;background_background&quot;:&quot;classic&quot;}\">\n\t\t<div class=\"elementor-element elementor-element-f471df9 e-con-full e-flex e-con e-child\" data-id=\"f471df9\" data-element_type=\"container\" data-e-type=\"container\">\n\t\t\t\t<div class=\"elementor-element elementor-element-d5635a8 elementor-widget elementor-widget-heading\" data-id=\"d5635a8\" data-element_type=\"widget\" data-e-type=\"widget\" data-widget_type=\"heading.default\">\n\t\t\t\t<div class=\"elementor-widget-container\">\n\t\t\t\t\t<h2 class=\"elementor-heading-title elementor-size-default\">Se\u00f1alizaci\u00f3n de paradas de autocar interurbano en Barcelona\n<\/h2>\t\t\t\t<\/div>\n\t\t\t\t<\/div>\n\t\t\t\t<div class=\"elementor-element elementor-element-6b46829 elementor-widget elementor-widget-text-editor\" data-id=\"6b46829\" data-element_type=\"widget\" data-e-type=\"widget\" data-widget_type=\"text-editor.default\">\n\t\t\t\t<div class=\"elementor-widget-container\">\n\t\t\t\t\t\t\t\t\t<div class=\"caja-texto der\">\n<p>Aprovechando el cambio de ubicaci\u00f3n de las paradas de autocar interurbano en Barcelona con motivo de varios cambios urban\u00edsticos en la ciudad, el operador Teisa 1920 decidi\u00f3 dar un paso adelante en la se\u00f1alizaci\u00f3n de sus paradas.<\/p>\n<p>La vinilaci\u00f3n de estas paradas muestra de forma clara y comprensible las poblaciones a las que se puede llegar desde esa misma parada, as\u00ed como fotograf\u00edas de lugares de inter\u00e9s tur\u00edstico de estas comarcas para reforzar el ocio en transporte p\u00fablico.<\/p>\n<p>Adem\u00e1s, tambi\u00e9n muestra las estaciones o paradas cercanas de otros operadores (medido en tiempo y distancia), as\u00ed como la oficina de atenci\u00f3n al cliente de la propia compa\u00f1\u00eda, creando de esta forma, el prototipo de una verdadera \u00e1rea de intercambio.<\/p>\n<\/div>\n\t\t\t\t\t\t\t\t<\/div>\n\t\t\t\t<\/div>\n\t\t\t\t<\/div>\n\t\t<div class=\"elementor-element elementor-element-5b88dbc e-con-full e-flex e-con e-child\" data-id=\"5b88dbc\" data-element_type=\"container\" data-e-type=\"container\" data-settings=\"{&quot;background_background&quot;:&quot;classic&quot;}\">\n\t\t\t\t<\/div>\n\t\t\t\t<\/div>\n\t\t<div class=\"elementor-element elementor-element-09ed00d e-con-full e-flex e-con e-child\" data-id=\"09ed00d\" data-element_type=\"container\" data-e-type=\"container\" data-settings=\"{&quot;background_background&quot;:&quot;classic&quot;}\">\n\t\t<div class=\"elementor-element elementor-element-4b8cd47 e-con-full e-flex e-con e-child\" data-id=\"4b8cd47\" data-element_type=\"container\" data-e-type=\"container\" data-settings=\"{&quot;background_background&quot;:&quot;classic&quot;}\">\n\t\t\t\t<\/div>\n\t\t<div class=\"elementor-element elementor-element-506b742 e-con-full e-flex e-con e-child\" data-id=\"506b742\" data-element_type=\"container\" data-e-type=\"container\">\n\t\t\t\t<div class=\"elementor-element elementor-element-d61c4b9 elementor-widget elementor-widget-heading\" data-id=\"d61c4b9\" data-element_type=\"widget\" data-e-type=\"widget\" data-widget_type=\"heading.default\">\n\t\t\t\t<div class=\"elementor-widget-container\">\n\t\t\t\t\t<h2 class=\"elementor-heading-title elementor-size-default\">Plano de autob\u00fas urbano de Igualada, Vilanova del Cam\u00ed y Santa Margarida de Montbui\n<\/h2>\t\t\t\t<\/div>\n\t\t\t\t<\/div>\n\t\t\t\t<div class=\"elementor-element elementor-element-993abe3 elementor-widget elementor-widget-text-editor\" data-id=\"993abe3\" data-element_type=\"widget\" data-e-type=\"widget\" data-widget_type=\"text-editor.default\">\n\t\t\t\t<div class=\"elementor-widget-container\">\n\t\t\t\t\t\t\t\t\t<p>El nuevo plano de autob\u00fas urbano de esta conurbaci\u00f3n (63.700 habitantes sumando los tres municipios) operada por Masats fue el resultado del trabajo llevado a cabo con la consultora CINESI.<\/p>\n<p>Las particularidades de esta red (l\u00edneas que pasan por la misma parada en sentidos opuestos, tienen recorridos diferentes en funci\u00f3n de la hora del d\u00eda o circulan en determinados d\u00edas de la semana) se muestran de forma clara e intuitiva en este plano con base geogr\u00e1fica.<\/p>\n\t\t\t\t\t\t\t\t<\/div>\n\t\t\t\t<\/div>\n\t\t\t\t<\/div>\n\t\t\t\t<\/div>\n\t\t<div class=\"elementor-element elementor-element-6149970 e-con-full e-flex e-con e-child\" data-id=\"6149970\" data-element_type=\"container\" data-e-type=\"container\" data-settings=\"{&quot;background_background&quot;:&quot;classic&quot;}\">\n\t\t<div class=\"elementor-element elementor-element-8b8d6cf e-con-full e-flex e-con e-child\" data-id=\"8b8d6cf\" data-element_type=\"container\" data-e-type=\"container\">\n\t\t\t\t<div class=\"elementor-element elementor-element-11584ff elementor-widget elementor-widget-heading\" data-id=\"11584ff\" data-element_type=\"widget\" data-e-type=\"widget\" data-widget_type=\"heading.default\">\n\t\t\t\t<div class=\"elementor-widget-container\">\n\t\t\t\t\t<h2 class=\"elementor-heading-title elementor-size-default\">Mapa de autob\u00fas de Barcelona\n<\/h2>\t\t\t\t<\/div>\n\t\t\t\t<\/div>\n\t\t\t\t<div class=\"elementor-element elementor-element-2922196 elementor-widget elementor-widget-text-editor\" data-id=\"2922196\" data-element_type=\"widget\" data-e-type=\"widget\" data-widget_type=\"text-editor.default\">\n\t\t\t\t<div class=\"elementor-widget-container\">\n\t\t\t\t\t\t\t\t\t<div class=\"caja-texto der\">\n<div class=\"caja-texto der\">\n<p>Como proyecto personal, hace unos a\u00f1os decid\u00ed realizar este mapa para aplicar y consolidar los conocimientos adquiridos con herramientas de dise\u00f1o vectorial (en este caso, Adobe Illustrator). Tambi\u00e9n quer\u00eda mejorar el mapa actual y tener algo parecido a lo que hab\u00eda antes de 2012, a\u00f1o en el que se empez\u00f3 una progresiva reestructuraci\u00f3n que culmin\u00f3 a finales de 2018.<\/p>\n<\/div>\n<\/div>\n\t\t\t\t\t\t\t\t<\/div>\n\t\t\t\t<\/div>\n\t\t\t\t<\/div>\n\t\t<div class=\"elementor-element elementor-element-2daad62 e-con-full e-flex e-con e-child\" data-id=\"2daad62\" data-element_type=\"container\" data-e-type=\"container\" data-settings=\"{&quot;background_background&quot;:&quot;classic&quot;}\">\n\t\t\t\t<\/div>\n\t\t\t\t<\/div>\n\t\t\t\t\t<\/div>\n\t\t\t\t<\/div>\n\t\t\t\t<\/div>\n\t\t","protected":false},"excerpt":{"rendered":"<p>Plano de bus interurbano de Osona Con motivo de la Semana de la Movilidad 2021, el Consejo Comarcal de Osona y el Ayuntamiento de Vic dieron un nuevo impulso al plano de bus interurbano que hab\u00eda creado de forma voluntaria Adri\u00e0 Ram\u00edrez (socio de la PTP) en los a\u00f1os 2013 y 2016 para la comarca [&hellip;]<\/p>\n","protected":false},"author":1,"featured_media":0,"parent":0,"menu_order":0,"comment_status":"closed","ping_status":"closed","template":"","meta":{"footnotes":""},"class_list":["post-312","page","type-page","status-publish","hentry"],"_links":{"self":[{"href":"https:\/\/transportmapping.com\/es\/wp-json\/wp\/v2\/pages\/312","targetHints":{"allow":["GET"]}}],"collection":[{"href":"https:\/\/transportmapping.com\/es\/wp-json\/wp\/v2\/pages"}],"about":[{"href":"https:\/\/transportmapping.com\/es\/wp-json\/wp\/v2\/types\/page"}],"author":[{"embeddable":true,"href":"https:\/\/transportmapping.com\/es\/wp-json\/wp\/v2\/users\/1"}],"replies":[{"embeddable":true,"href":"https:\/\/transportmapping.com\/es\/wp-json\/wp\/v2\/comments?post=312"}],"version-history":[{"count":3,"href":"https:\/\/transportmapping.com\/es\/wp-json\/wp\/v2\/pages\/312\/revisions"}],"predecessor-version":[{"id":315,"href":"https:\/\/transportmapping.com\/es\/wp-json\/wp\/v2\/pages\/312\/revisions\/315"}],"wp:attachment":[{"href":"https:\/\/transportmapping.com\/es\/wp-json\/wp\/v2\/media?parent=312"}],"curies":[{"name":"wp","href":"https:\/\/api.w.org\/{rel}","templated":true}]}}