{"id":320,"date":"2024-04-23T15:03:03","date_gmt":"2024-04-23T15:03:03","guid":{"rendered":"https:\/\/transportmapping.cat\/novaweb\/consultoria-2\/"},"modified":"2024-07-17T16:02:58","modified_gmt":"2024-07-17T16:02:58","slug":"consultoria-2","status":"publish","type":"page","link":"https:\/\/transportmapping.com\/es\/consultoria-2\/","title":{"rendered":"Consultor\u00eda"},"content":{"rendered":"\t\t<div data-elementor-type=\"wp-page\" data-elementor-id=\"320\" class=\"elementor elementor-320 elementor-9\" data-elementor-post-type=\"page\">\n\t\t\t\t<div class=\"elementor-element elementor-element-7c397c3 e-flex e-con-boxed e-con e-parent\" data-id=\"7c397c3\" data-element_type=\"container\" data-e-type=\"container\">\n\t\t\t\t\t<div class=\"e-con-inner\">\n\t\t<div class=\"elementor-element elementor-element-6fb5126 e-con-full e-flex e-con e-child\" data-id=\"6fb5126\" data-element_type=\"container\" data-e-type=\"container\" data-settings=\"{&quot;background_background&quot;:&quot;classic&quot;}\">\n\t\t<div class=\"elementor-element elementor-element-c367bda e-con-full e-flex e-con e-child\" data-id=\"c367bda\" data-element_type=\"container\" data-e-type=\"container\">\n\t\t\t\t<div class=\"elementor-element elementor-element-fb624ea elementor-widget elementor-widget-heading\" data-id=\"fb624ea\" data-element_type=\"widget\" data-e-type=\"widget\" data-widget_type=\"heading.default\">\n\t\t\t\t<div class=\"elementor-widget-container\">\n\t\t\t\t\t<h2 class=\"elementor-heading-title elementor-size-default\">Servicio de consultor\u00eda, elaboraci\u00f3n de planos e informaci\u00f3n al usuario<\/h2>\t\t\t\t<\/div>\n\t\t\t\t<\/div>\n\t\t\t\t<div class=\"elementor-element elementor-element-9202c75 elementor-widget elementor-widget-text-editor\" data-id=\"9202c75\" data-element_type=\"widget\" data-e-type=\"widget\" data-widget_type=\"text-editor.default\">\n\t\t\t\t<div class=\"elementor-widget-container\">\n\t\t\t\t\t\t\t\t\t<p>Cada ciudad es \u00fanica y esto hace que cada proyecto de mapa y se\u00f1alizaci\u00f3n tambi\u00e9n lo sea. Que todo el proyecto sea consistente en todos los aspectos y f\u00e1cilmente editable para futuros cambios, requiere de una amplia visi\u00f3n del conjunto de la red y de unos conocimientos importantes de las herramientas gr\u00e1ficas disponibles.<\/p>\n<p>Por este motivo ofrezco un servicio de consultor\u00eda, dise\u00f1o de mapas de transporte y otras infograf\u00edas relacionadas. Le acompa\u00f1ar\u00e9 en todo el proceso, desde el estudio y diagn\u00f3stico de la situaci\u00f3n actual, pasando por la confecci\u00f3n de diversas propuestas de dise\u00f1o de mapas y se\u00f1alizaci\u00f3n, hasta el dise\u00f1o de la soluci\u00f3n final y entrega del material en soporte digital para la su posterior impresi\u00f3n y colocaci\u00f3n.<\/p>\n<p>Puedes consultar los proyectos m\u00e1s destacados en el apartado del <a href=\"https:\/\/transportmapping.cat\/portafoli\" target=\"_blank\" rel=\"noopener\">Portafolio<\/a>, y puedes escribirme en el apartado de <a href=\"https:\/\/transportmapping.cat\/contacte\" target=\"_blank\" rel=\"noopener\">Contacto<\/a>.<\/p>\n\t\t\t\t\t\t\t\t<\/div>\n\t\t\t\t<\/div>\n\t\t\t\t<\/div>\n\t\t<div class=\"elementor-element elementor-element-f153213 e-con-full e-flex e-con e-child\" data-id=\"f153213\" data-element_type=\"container\" data-e-type=\"container\" data-settings=\"{&quot;background_background&quot;:&quot;classic&quot;}\">\n\t\t\t\t<\/div>\n\t\t\t\t<\/div>\n\t\t\t\t\t<\/div>\n\t\t\t\t<\/div>\n\t\t\t\t<\/div>\n\t\t","protected":false},"excerpt":{"rendered":"<p>Servicio de consultor\u00eda, elaboraci\u00f3n de planos e informaci\u00f3n al usuario Cada ciudad es \u00fanica y esto hace que cada proyecto de mapa y se\u00f1alizaci\u00f3n tambi\u00e9n lo sea. Que todo el proyecto sea consistente en todos los aspectos y f\u00e1cilmente editable para futuros cambios, requiere de una amplia visi\u00f3n del conjunto de la red y de [&hellip;]<\/p>\n","protected":false},"author":1,"featured_media":0,"parent":0,"menu_order":0,"comment_status":"closed","ping_status":"closed","template":"","meta":{"footnotes":""},"class_list":["post-320","page","type-page","status-publish","hentry"],"_links":{"self":[{"href":"https:\/\/transportmapping.com\/es\/wp-json\/wp\/v2\/pages\/320","targetHints":{"allow":["GET"]}}],"collection":[{"href":"https:\/\/transportmapping.com\/es\/wp-json\/wp\/v2\/pages"}],"about":[{"href":"https:\/\/transportmapping.com\/es\/wp-json\/wp\/v2\/types\/page"}],"author":[{"embeddable":true,"href":"https:\/\/transportmapping.com\/es\/wp-json\/wp\/v2\/users\/1"}],"replies":[{"embeddable":true,"href":"https:\/\/transportmapping.com\/es\/wp-json\/wp\/v2\/comments?post=320"}],"version-history":[{"count":1,"href":"https:\/\/transportmapping.com\/es\/wp-json\/wp\/v2\/pages\/320\/revisions"}],"predecessor-version":[{"id":321,"href":"https:\/\/transportmapping.com\/es\/wp-json\/wp\/v2\/pages\/320\/revisions\/321"}],"wp:attachment":[{"href":"https:\/\/transportmapping.com\/es\/wp-json\/wp\/v2\/media?parent=320"}],"curies":[{"name":"wp","href":"https:\/\/api.w.org\/{rel}","templated":true}]}}