{"id":324,"date":"2024-04-23T15:02:20","date_gmt":"2024-04-23T15:02:20","guid":{"rendered":"https:\/\/transportmapping.cat\/novaweb\/senalizacion\/"},"modified":"2024-07-17T16:08:13","modified_gmt":"2024-07-17T16:08:13","slug":"senalizacion","status":"publish","type":"page","link":"https:\/\/transportmapping.com\/es\/senalizacion\/","title":{"rendered":"Se\u00f1alizaci\u00f3n"},"content":{"rendered":"\t\t<div data-elementor-type=\"wp-page\" data-elementor-id=\"324\" class=\"elementor elementor-324 elementor-8\" data-elementor-post-type=\"page\">\n\t\t\t\t<div class=\"elementor-element elementor-element-a3eaee2 e-flex e-con-boxed e-con e-parent\" data-id=\"a3eaee2\" data-element_type=\"container\" data-e-type=\"container\">\n\t\t\t\t\t<div class=\"e-con-inner\">\n\t\t<div class=\"elementor-element elementor-element-d3debcb e-con-full e-flex e-con e-child\" data-id=\"d3debcb\" data-element_type=\"container\" data-e-type=\"container\" data-settings=\"{&quot;background_background&quot;:&quot;classic&quot;}\">\n\t\t<div class=\"elementor-element elementor-element-9307c7c e-con-full e-flex e-con e-child\" data-id=\"9307c7c\" data-element_type=\"container\" data-e-type=\"container\">\n\t\t\t\t<div class=\"elementor-element elementor-element-be4785f elementor-widget elementor-widget-heading\" data-id=\"be4785f\" data-element_type=\"widget\" data-e-type=\"widget\" data-widget_type=\"heading.default\">\n\t\t\t\t<div class=\"elementor-widget-container\">\n\t\t\t\t\t<h2 class=\"elementor-heading-title elementor-size-default\">La se\u00f1alizaci\u00f3n marca la experiencia del usuario<\/h2>\t\t\t\t<\/div>\n\t\t\t\t<\/div>\n\t\t\t\t<div class=\"elementor-element elementor-element-6b4a7a8 elementor-widget elementor-widget-text-editor\" data-id=\"6b4a7a8\" data-element_type=\"widget\" data-e-type=\"widget\" data-widget_type=\"text-editor.default\">\n\t\t\t\t<div class=\"elementor-widget-container\">\n\t\t\t\t\t\t\t\t\t<p>Un buen mapa no es tan \u00fatil si no hay una se\u00f1alizaci\u00f3n que lo complemente y acompa\u00f1e. La informaci\u00f3n est\u00e1tica en las paradas siempre estar\u00e1 disponible para todos, noche y d\u00eda, llueva o haga sol. En cambio, los paneles que ofrecen informaci\u00f3n en tiempo real tienen un alto coste de mantenimiento y son m\u00e1s propensos a aver\u00edas que un simple papel. Por otra parte, la informaci\u00f3n que se ofrece a trav\u00e9s del tel\u00e9fono m\u00f3vil s\u00f3lo es \u00fatil si la persona usuaria puede acceder a ella: mucha gente no tiene traza con las nuevas tecnolog\u00edas o sencillamente se ha quedado sin bater\u00eda.<\/p>\n<p>Las paradas deben tener la informaci\u00f3n necesaria que responda a todas las preguntas que cualquiera pueda hacerse sobre su trayecto, tanto si lo est\u00e1 empezando, finalizando, o si est\u00e1 haciendo un transbordo.<\/p>\n<p>Es por este motivo que deben contener, siempre y cuando sea posible, la siguiente informaci\u00f3n:<\/p>\n<ul class=\"listado\">\n<li>Nombre de la parada, cuanto m\u00e1s corto y sencillo mejor<\/li>\n<li>N\u00famero un\u00edvoco de parada<\/li>\n<li>Mapa general de la red<\/li>\n<li>Term\u00f3metro de cada l\u00ednea que d\u00e9 servicio en esa parada<\/li>\n<li>Horarios de paso de cada l\u00ednea, mostrado en horas exactas o por frecuencia<\/li>\n<li>Las tarifas vigentes<\/li>\n<li>Mapa de situaci\u00f3n en caso de ser punto de conexi\u00f3n con otras l\u00edneas<\/li>\n<li>Introducir elementos tecnol\u00f3gicos pasivos (como un c\u00f3digo QR y\/o un chip NFC) que lleven a la web o app con informaci\u00f3n actualizada de los tiempos de paso<\/li>\n<li>Espacio reservado para alteraciones programadas del servicio<\/li>\n<li>Fecha de \u00faltima actualizaci\u00f3n<\/li>\n<\/ul>\n<p>Si en la red de transporte de la que formas parte cumple gran parte de estos elementos, \u00a1enhorabuena! Si por desgracia faltan muchos elementos, o bien mantener la informaci\u00f3n actualizada resulta demasiado complicado, puedo ofrecerle mis servicios de <a href=\"https:\/\/transportmapping.cat\/consultoria\" target=\"_blank\" rel=\"noopener\">consultor\u00eda<\/a>. Encu\u00e9ntrame en el apartado <a href=\"https:\/\/transportmapping.cat\/contacte\" target=\"_blank\" rel=\"noopener\">Contacto<\/a>.<\/p>\n\t\t\t\t\t\t\t\t<\/div>\n\t\t\t\t<\/div>\n\t\t\t\t<\/div>\n\t\t<div class=\"elementor-element elementor-element-5367d10 e-con-full e-flex e-con e-child\" data-id=\"5367d10\" data-element_type=\"container\" data-e-type=\"container\" data-settings=\"{&quot;background_background&quot;:&quot;classic&quot;}\">\n\t\t\t\t<\/div>\n\t\t\t\t<\/div>\n\t\t\t\t\t<\/div>\n\t\t\t\t<\/div>\n\t\t\t\t<\/div>\n\t\t","protected":false},"excerpt":{"rendered":"<p>La se\u00f1alizaci\u00f3n marca la experiencia del usuario Un buen mapa no es tan \u00fatil si no hay una se\u00f1alizaci\u00f3n que lo complemente y acompa\u00f1e. La informaci\u00f3n est\u00e1tica en las paradas siempre estar\u00e1 disponible para todos, noche y d\u00eda, llueva o haga sol. En cambio, los paneles que ofrecen informaci\u00f3n en tiempo real tienen un alto [&hellip;]<\/p>\n","protected":false},"author":1,"featured_media":0,"parent":0,"menu_order":0,"comment_status":"closed","ping_status":"closed","template":"","meta":{"footnotes":""},"class_list":["post-324","page","type-page","status-publish","hentry"],"_links":{"self":[{"href":"https:\/\/transportmapping.com\/es\/wp-json\/wp\/v2\/pages\/324","targetHints":{"allow":["GET"]}}],"collection":[{"href":"https:\/\/transportmapping.com\/es\/wp-json\/wp\/v2\/pages"}],"about":[{"href":"https:\/\/transportmapping.com\/es\/wp-json\/wp\/v2\/types\/page"}],"author":[{"embeddable":true,"href":"https:\/\/transportmapping.com\/es\/wp-json\/wp\/v2\/users\/1"}],"replies":[{"embeddable":true,"href":"https:\/\/transportmapping.com\/es\/wp-json\/wp\/v2\/comments?post=324"}],"version-history":[{"count":1,"href":"https:\/\/transportmapping.com\/es\/wp-json\/wp\/v2\/pages\/324\/revisions"}],"predecessor-version":[{"id":325,"href":"https:\/\/transportmapping.com\/es\/wp-json\/wp\/v2\/pages\/324\/revisions\/325"}],"wp:attachment":[{"href":"https:\/\/transportmapping.com\/es\/wp-json\/wp\/v2\/media?parent=324"}],"curies":[{"name":"wp","href":"https:\/\/api.w.org\/{rel}","templated":true}]}}