{"id":326,"date":"2024-04-23T15:01:45","date_gmt":"2024-04-23T15:01:45","guid":{"rendered":"https:\/\/transportmapping.cat\/novaweb\/mapas\/"},"modified":"2024-07-17T16:09:59","modified_gmt":"2024-07-17T16:09:59","slug":"mapas","status":"publish","type":"page","link":"https:\/\/transportmapping.com\/es\/mapas\/","title":{"rendered":"Mapas"},"content":{"rendered":"\t\t<div data-elementor-type=\"wp-page\" data-elementor-id=\"326\" class=\"elementor elementor-326 elementor-7\" data-elementor-post-type=\"page\">\n\t\t\t\t<div class=\"elementor-element elementor-element-d454cdc e-flex e-con-boxed e-con e-parent\" data-id=\"d454cdc\" data-element_type=\"container\" data-e-type=\"container\">\n\t\t\t\t\t<div class=\"e-con-inner\">\n\t\t<div class=\"elementor-element elementor-element-0c1dce1 e-con-full e-flex e-con e-child\" data-id=\"0c1dce1\" data-element_type=\"container\" data-e-type=\"container\" data-settings=\"{&quot;background_background&quot;:&quot;classic&quot;}\">\n\t\t<div class=\"elementor-element elementor-element-284129a e-con-full e-flex e-con e-child\" data-id=\"284129a\" data-element_type=\"container\" data-e-type=\"container\">\n\t\t\t\t<div class=\"elementor-element elementor-element-397da28 elementor-widget elementor-widget-heading\" data-id=\"397da28\" data-element_type=\"widget\" data-e-type=\"widget\" data-widget_type=\"heading.default\">\n\t\t\t\t<div class=\"elementor-widget-container\">\n\t\t\t\t\t<h2 class=\"elementor-heading-title elementor-size-default\">Contenido de los mapas\n<\/h2>\t\t\t\t<\/div>\n\t\t\t\t<\/div>\n\t\t\t\t<div class=\"elementor-element elementor-element-e8d6720 elementor-widget elementor-widget-text-editor\" data-id=\"e8d6720\" data-element_type=\"widget\" data-e-type=\"widget\" data-widget_type=\"text-editor.default\">\n\t\t\t\t<div class=\"elementor-widget-container\">\n\t\t\t\t\t\t\t\t\t<p><span style=\"text-align: var(--text-align); background-color: var( --e-global-color-secondary ); font-size: 1rem;\">Los mapas de transporte p\u00fablico pueden ser de diferentes formatos (de bolsillo, desplegables, p\u00f3ster, etc.) y representar la ciudad de forma geogr\u00e1fica (como suele ocurrir en el sur de Europa), de forma esquem\u00e1tica (como suelen hacer en los pa\u00edses n\u00f3rdicos) o de forma h\u00edbrida. Incluso pueden ser decorativos. Pero lo importante es que hagan su tarea a la perfecci\u00f3n. Y si son visualmente agradables, \u00a1mucho mejor! Como norma general deben tener los siguientes puntos en com\u00fan:<\/span><\/p>\n<ul class=\"listado\">\n<li>Permiten identificar la estructura general de la red en un vistazo<\/li>\n<li>Tienen detalles visibles en un segundo vistazo pero que no molestan a la primera<\/li>\n<li>Las l\u00edneas se pueden seguir de forma individual<\/li>\n<li>Indican la frecuencia de paso de las l\u00edneas de forma gr\u00e1fica<\/li>\n<li>Evitan al m\u00e1ximo los textos explicativos puesto que lo muestran gr\u00e1ficamente<\/li>\n<li>Muestran todas las paradas y no s\u00f3lo las m\u00e1s importantes.<\/li>\n<li>Distinguen gr\u00e1ficamente las paradas que sirven en un solo sentido o en ambos<\/li>\n<li>Poseen consistencia gr\u00e1fica en la colocaci\u00f3n de la rotulaci\u00f3n<\/li>\n<\/ul>\n<p>Si formas parte de alguna entidad o empresa de transporte de pasajeros y quieres un plano que cumpla todas estas caracter\u00edsticas, recuerda que ofrezco un servicio de <a href=\"https:\/\/transportmapping.cat\/consultoria\" target=\"_blank\" rel=\"noopener\">consultor\u00eda<\/a> en el que puedo echar una mano en la elaboraci\u00f3n de un plano de la red y tambi\u00e9n en la informaci\u00f3n al usuario. Encu\u00e9ntrame en el apartado <a href=\"https:\/\/transportmapping.cat\/contacte\" target=\"_blank\" rel=\"noopener\">Contacto<\/a>.<\/p>\n\t\t\t\t\t\t\t\t<\/div>\n\t\t\t\t<\/div>\n\t\t\t\t<\/div>\n\t\t<div class=\"elementor-element elementor-element-243e1a9 e-con-full e-flex e-con e-child\" data-id=\"243e1a9\" data-element_type=\"container\" data-e-type=\"container\" data-settings=\"{&quot;background_background&quot;:&quot;classic&quot;}\">\n\t\t\t\t<\/div>\n\t\t\t\t<\/div>\n\t\t\t\t\t<\/div>\n\t\t\t\t<\/div>\n\t\t\t\t<\/div>\n\t\t","protected":false},"excerpt":{"rendered":"<p>Contenido de los mapas Los mapas de transporte p\u00fablico pueden ser de diferentes formatos (de bolsillo, desplegables, p\u00f3ster, etc.) y representar la ciudad de forma geogr\u00e1fica (como suele ocurrir en el sur de Europa), de forma esquem\u00e1tica (como suelen hacer en los pa\u00edses n\u00f3rdicos) o de forma h\u00edbrida. Incluso pueden ser decorativos. Pero lo importante [&hellip;]<\/p>\n","protected":false},"author":1,"featured_media":0,"parent":0,"menu_order":0,"comment_status":"closed","ping_status":"closed","template":"","meta":{"footnotes":""},"class_list":["post-326","page","type-page","status-publish","hentry"],"_links":{"self":[{"href":"https:\/\/transportmapping.com\/es\/wp-json\/wp\/v2\/pages\/326","targetHints":{"allow":["GET"]}}],"collection":[{"href":"https:\/\/transportmapping.com\/es\/wp-json\/wp\/v2\/pages"}],"about":[{"href":"https:\/\/transportmapping.com\/es\/wp-json\/wp\/v2\/types\/page"}],"author":[{"embeddable":true,"href":"https:\/\/transportmapping.com\/es\/wp-json\/wp\/v2\/users\/1"}],"replies":[{"embeddable":true,"href":"https:\/\/transportmapping.com\/es\/wp-json\/wp\/v2\/comments?post=326"}],"version-history":[{"count":1,"href":"https:\/\/transportmapping.com\/es\/wp-json\/wp\/v2\/pages\/326\/revisions"}],"predecessor-version":[{"id":327,"href":"https:\/\/transportmapping.com\/es\/wp-json\/wp\/v2\/pages\/326\/revisions\/327"}],"wp:attachment":[{"href":"https:\/\/transportmapping.com\/es\/wp-json\/wp\/v2\/media?parent=326"}],"curies":[{"name":"wp","href":"https:\/\/api.w.org\/{rel}","templated":true}]}}