{"id":449,"date":"2025-01-16T17:42:15","date_gmt":"2025-01-16T17:42:15","guid":{"rendered":"https:\/\/transportmapping.com\/producte\/mapa-de-los-rios-de-cataluna\/"},"modified":"2025-01-16T19:21:53","modified_gmt":"2025-01-16T19:21:53","slug":"mapa-de-los-rios-de-cataluna","status":"publish","type":"product","link":"https:\/\/transportmapping.com\/es\/producte\/mapa-de-los-rios-de-cataluna\/","title":{"rendered":"Mapa de los r\u00edos de Catalu\u00f1a"},"content":{"rendered":"<p><span style=\"font-weight: 400;\">Los r\u00edos no trabajan como una red (f\u00edsicamente es imposible), sino como colectores que se van nutriendo de otros afluentes.<\/span><\/p>\n<p><span style=\"font-weight: 400;\">Sin embargo, tambi\u00e9n se pueden representar esquem\u00e1ticamente a trav\u00e9s de las cuencas hidrogr\u00e1ficas para entender mejor c\u00f3mo funciona el sistema h\u00eddrico catal\u00e1n. De esta forma podemos captar a simple vista los embalses m\u00e1s destacados y sus usos (agua de boca, producci\u00f3n de energ\u00eda, espacios recreativos\u2026)<\/span><\/p>\n<p><span style=\"font-weight: 400;\">MEDIDAS Y PRECIO (incluye env\u00edo a Espa\u00f1a):<\/span><\/p>\n<p><span style=\"font-weight: 400;\">L\u00e1mina 32&#215;32 cm: 20 \u20ac<\/span><\/p>\n","protected":false},"excerpt":{"rendered":"<p>Los r\u00edos no trabajan como una red (f\u00edsicamente es imposible), sino como colectores que se van nutriendo de otros afluentes. Sin embargo, tambi\u00e9n se pueden representar esquem\u00e1ticamente a trav\u00e9s de las cuencas hidrogr\u00e1ficas para entender mejor c\u00f3mo funciona el sistema h\u00eddrico catal\u00e1n. De esta forma podemos captar a simple vista los embalses m\u00e1s destacados y [&hellip;]<\/p>\n","protected":false},"featured_media":381,"comment_status":"open","ping_status":"closed","template":"","meta":[],"product_brand":[],"product_cat":[43],"product_tag":[],"class_list":{"0":"post-449","1":"product","2":"type-product","3":"status-publish","4":"has-post-thumbnail","6":"product_cat-sense-categoria-es","8":"first","9":"instock","10":"taxable","11":"shipping-taxable","12":"purchasable","13":"product-type-simple"},"_links":{"self":[{"href":"https:\/\/transportmapping.com\/es\/wp-json\/wp\/v2\/product\/449","targetHints":{"allow":["GET"]}}],"collection":[{"href":"https:\/\/transportmapping.com\/es\/wp-json\/wp\/v2\/product"}],"about":[{"href":"https:\/\/transportmapping.com\/es\/wp-json\/wp\/v2\/types\/product"}],"replies":[{"embeddable":true,"href":"https:\/\/transportmapping.com\/es\/wp-json\/wp\/v2\/comments?post=449"}],"wp:featuredmedia":[{"embeddable":true,"href":"https:\/\/transportmapping.com\/es\/wp-json\/wp\/v2\/media\/381"}],"wp:attachment":[{"href":"https:\/\/transportmapping.com\/es\/wp-json\/wp\/v2\/media?parent=449"}],"wp:term":[{"taxonomy":"product_brand","embeddable":true,"href":"https:\/\/transportmapping.com\/es\/wp-json\/wp\/v2\/product_brand?post=449"},{"taxonomy":"product_cat","embeddable":true,"href":"https:\/\/transportmapping.com\/es\/wp-json\/wp\/v2\/product_cat?post=449"},{"taxonomy":"product_tag","embeddable":true,"href":"https:\/\/transportmapping.com\/es\/wp-json\/wp\/v2\/product_tag?post=449"}],"curies":[{"name":"wp","href":"https:\/\/api.w.org\/{rel}","templated":true}]}}