{"id":451,"date":"2025-01-16T17:41:07","date_gmt":"2025-01-16T17:41:07","guid":{"rendered":"https:\/\/transportmapping.com\/producte\/mapa-de-carreteras-de-cataluna\/"},"modified":"2025-01-16T19:25:24","modified_gmt":"2025-01-16T19:25:24","slug":"mapa-de-carreteras-de-cataluna","status":"publish","type":"product","link":"https:\/\/transportmapping.com\/es\/producte\/mapa-de-carreteras-de-cataluna\/","title":{"rendered":"Mapa de carreteras de Catalu\u00f1a"},"content":{"rendered":"<p><span style=\"font-weight: 400;\">Este mapa representa las carreteras de la Red B\u00e1sica catalana en el a\u00f1o 2021 como un plano de Metro, con los colores asignados de acuerdo con el criterio de numeraci\u00f3n que implement\u00f3 la Generalitat de Catalunya en 2001:<\/span><\/p>\n<ul>\n<li style=\"font-weight: 400;\" aria-level=\"1\"><span style=\"font-weight: 400;\">Naranja: ejes Norte-sur (C-1x)<\/span><\/li>\n<li style=\"font-weight: 400;\" aria-level=\"1\"><span style=\"font-weight: 400;\">Verde: ejes este-oeste (C-2x)<\/span><\/li>\n<li style=\"font-weight: 400;\" aria-level=\"1\"><span style=\"font-weight: 400;\">Rojo: ejes paralelos en la costa (C-3x)<\/span><\/li>\n<li style=\"font-weight: 400;\" aria-level=\"1\"><span style=\"font-weight: 400;\">Azul oscuro: ejes perpendiculares a la costa (C-4x, C-5x, C-6x)<\/span><\/li>\n<\/ul>\n<p><span style=\"font-weight: 400;\">Tambi\u00e9n est\u00e1n representadas otras v\u00edas:<\/span><\/p>\n<ul>\n<li style=\"font-weight: 400;\" aria-level=\"1\"><span style=\"font-weight: 400;\">Lila: Autopistas<\/span><\/li>\n<li style=\"font-weight: 400;\" aria-level=\"1\"><span style=\"font-weight: 400;\">Turquesa: Autov\u00edas<\/span><\/li>\n<li style=\"font-weight: 400;\" aria-level=\"1\"><span style=\"font-weight: 400;\">Gris: carreteras nacionales<\/span><\/li>\n<li style=\"font-weight: 400;\" aria-level=\"1\"><span style=\"font-weight: 400;\">Verde y magenta: carreteras locales<\/span><\/li>\n<\/ul>\n<p><span style=\"font-weight: 400;\">La divisi\u00f3n en veguer\u00edas, las capitales de comarca y otras poblaciones de referencia est\u00e1n incluidas en el mapa para mejorar la comprensi\u00f3n del mapa.<\/span><\/p>\n<p><span style=\"font-weight: 400;\">Atenci\u00f3n al detalle: en los nudos en los que no est\u00e1n integrados todos los movimientos posibles, est\u00e1n indicados con unas flechas los que s\u00ed lo son.<\/span><\/p>\n","protected":false},"excerpt":{"rendered":"<p>Este mapa representa las carreteras de la Red B\u00e1sica catalana en el a\u00f1o 2021 como un plano de Metro, con los colores asignados de acuerdo con el criterio de numeraci\u00f3n que implement\u00f3 la Generalitat de Catalunya en 2001: Naranja: ejes Norte-sur (C-1x) Verde: ejes este-oeste (C-2x) Rojo: ejes paralelos en la costa (C-3x) Azul oscuro: [&hellip;]<\/p>\n","protected":false},"featured_media":354,"comment_status":"open","ping_status":"closed","template":"","meta":[],"product_brand":[],"product_cat":[43],"product_tag":[],"class_list":{"0":"post-451","1":"product","2":"type-product","3":"status-publish","4":"has-post-thumbnail","6":"product_cat-sense-categoria-es","8":"first","9":"instock","10":"taxable","11":"shipping-taxable","12":"purchasable","13":"product-type-variable"},"_links":{"self":[{"href":"https:\/\/transportmapping.com\/es\/wp-json\/wp\/v2\/product\/451","targetHints":{"allow":["GET"]}}],"collection":[{"href":"https:\/\/transportmapping.com\/es\/wp-json\/wp\/v2\/product"}],"about":[{"href":"https:\/\/transportmapping.com\/es\/wp-json\/wp\/v2\/types\/product"}],"replies":[{"embeddable":true,"href":"https:\/\/transportmapping.com\/es\/wp-json\/wp\/v2\/comments?post=451"}],"wp:featuredmedia":[{"embeddable":true,"href":"https:\/\/transportmapping.com\/es\/wp-json\/wp\/v2\/media\/354"}],"wp:attachment":[{"href":"https:\/\/transportmapping.com\/es\/wp-json\/wp\/v2\/media?parent=451"}],"wp:term":[{"taxonomy":"product_brand","embeddable":true,"href":"https:\/\/transportmapping.com\/es\/wp-json\/wp\/v2\/product_brand?post=451"},{"taxonomy":"product_cat","embeddable":true,"href":"https:\/\/transportmapping.com\/es\/wp-json\/wp\/v2\/product_cat?post=451"},{"taxonomy":"product_tag","embeddable":true,"href":"https:\/\/transportmapping.com\/es\/wp-json\/wp\/v2\/product_tag?post=451"}],"curies":[{"name":"wp","href":"https:\/\/api.w.org\/{rel}","templated":true}]}}